{"id":1125,"date":"2025-01-27T19:14:24","date_gmt":"2025-01-27T18:14:24","guid":{"rendered":"https:\/\/atelierdelaforetdehez.fr\/?post_type=product&#038;p=1125"},"modified":"2025-01-27T19:14:25","modified_gmt":"2025-01-27T18:14:25","slug":"country-fusil-slug-st-cal-12-76-neuf","status":"publish","type":"product","link":"https:\/\/atelierdelaforetdehez.fr\/?product=country-fusil-slug-st-cal-12-76-neuf","title":{"rendered":"COUNTRY &#8211; FUSIL SLUG ST CAL. 12\/76 NEUF"},"content":{"rendered":"<p>COUNTRY &#8211; FUSIL SLUG ST CAL. 12\/76 NEUF<\/p>\n<p>&nbsp;<\/p>\n<p>Fusil de traque pour la chasse au grand gibier en battue.<\/p>\n<p>Fusil court et extr\u00eamement maniable pour la battue au sanglier ! Un fusil de chasse id\u00e9alement con\u00e7u pour le tir \u00e0 balle sur le gros gibier en mouvement. La crosse synth\u00e9tique vous assure \u00e9galement une grande r\u00e9sistance aux chocs et aux intemp\u00e9ries.<\/p>\n<p>Canons superpos\u00e9s \u00e9prouv\u00e9s bille acier de 51 cm<br \/>\nMono d\u00e9tente s\u00e9lective<br \/>\nBascule en Ergal, extracteurs<br \/>\nChokes fixes cyl\/cyl<br \/>\nCrosse synth\u00e9tique noire de 372 mm<br \/>\nPlaque de couche caoutchouc 21 mm<\/p>\n<p>Crosse pistolet devant tulipe en mati\u00e8re composite noire<br \/>\nPlaque de couche amortissante<br \/>\nBascule en acier avec finition noire<\/p>\n<p>Un superpos\u00e9 de chasse moderne et discret avec sa finition enti\u00e8rement noire.<\/p>\n<p>Les \u00e9l\u00e9ments en composite apportent une grande r\u00e9sistance \u00e0 l&#8217;humidit\u00e9 ainsi qu&#8217;aux environnements salins. En plus de son excellente r\u00e9sistance aux \u00e9l\u00e9ments, les \u00e9l\u00e9ments en composite contrairement au bois ne n\u00e9cessitent que peu d&#8217;entretiens apr\u00e8s une longue journ\u00e9e de chasse.<\/p>\n<p>Avec les armes\u00a0 COUNTRY vous profiterez d&#8217;un fusil de chasse pas cher, capable de rivaliser avec les plus grands manufacturier.<\/p>\n","protected":false},"excerpt":{"rendered":"<div>\n<div class=\"grey\">\n<div id=\"criteresWithDesc\" class=\"criteres\">\n<h2 id=\"1477\" class=\"critereinItem critere mandatory\"><span class=\"critTitle\">Marque<\/span>\u00a0:\u00a0<b><span class=\"critValue\">Country<\/span><\/b><\/h2>\n<h2 id=\"223885\" class=\"critereinItem critere mandatory\"><span class=\"critTitle\">Mod\u00e8le<\/span>\u00a0:\u00a0<b><span class=\"critValue\">MC 269T<\/span><\/b><\/h2>\n<h2 id=\"1105\" class=\"critereinItem critere condition mandatory\"><span class=\"critTitle\">Etat de l&#8217;objet<\/span>\u00a0:\u00a0<b><span class=\"critValue\">Neuf<\/span><\/b><\/h2>\n<h2 id=\"9\" class=\"critereinItem critere mandatory\"><span class=\"critTitle\">Chambrage<\/span>\u00a0:\u00a0<b><span class=\"critValue\">76 mm<\/span><\/b><\/h2>\n<h2 id=\"2870\" class=\"critereinItem critere mandatory\"><span class=\"critTitle\">Longueur de canon<\/span>\u00a0:\u00a0<b><span class=\"critValue\">51 cm<\/span><\/b><\/h2>\n<div id=\"20\" class=\"critere\"><span class=\"critTitle\">Type de d\u00e9tente<\/span>\u00a0:\u00a0<span class=\"critValue\">Mono d\u00e9tente<\/span><\/div>\n<div id=\"14\" class=\"critere\"><span class=\"critTitle\">Type d&#8217;\u00e9jection<\/span>\u00a0:\u00a0<span class=\"critValue\">Extracteurs<\/span><\/div>\n<div id=\"226118\" class=\"critere\"><span class=\"critTitle\">Type de fusil<\/span>\u00a0:\u00a0<span class=\"critValue\">Slug<\/span><\/div>\n<div id=\"464\" class=\"critere\"><span class=\"critTitle\">Arme pour<\/span>\u00a0:\u00a0<span class=\"critValue\">Droitier<\/span><\/div>\n<div id=\"375mm\" class=\"critere\"><span class=\"critTitle\">Longueur de crosse<\/span>\u00a0:\u00a0<span class=\"critValue\">375mm<\/span><\/div>\n<div id=\"2450g\" class=\"critere\"><span class=\"critTitle\">Poids<\/span>\u00a0:\u00a0<span class=\"critValue\">2450g<\/span><\/div>\n<div id=\"1071\" class=\"critere\"><span class=\"critTitle\">Type de choke<\/span>\u00a0:\u00a0<span class=\"critValue\">Fixes<\/span><\/div>\n<div id=\"1079\" class=\"critere\"><span class=\"critTitle\">Chokage ou chokes fournis<\/span>\u00a0:\u00a0<span class=\"critValue\">Lisse<\/span><\/div>\n<div id=\"1103\" class=\"critere\"><span class=\"critTitle\">Epreuve bille d&#8217;acier<\/span>\u00a0:\u00a0<span class=\"critValue\">Oui<\/span><\/div>\n<div id=\"1914\" class=\"critere\"><span class=\"critTitle\">Garantie<\/span>\u00a0:\u00a0<span class=\"critValue\">Oui<\/span><\/div>\n<div id=\"1921\" class=\"critere\"><span class=\"critTitle\">Dur\u00e9e<\/span>\u00a0:\u00a0<span class=\"critValue\">5 ans<\/span><\/div>\n<\/div>\n<\/div>\n<\/div>\n","protected":false},"featured_media":1126,"template":"","meta":[],"product_cat":[56],"product_tag":[],"class_list":{"0":"post-1125","1":"product","2":"type-product","3":"status-publish","4":"has-post-thumbnail","6":"product_cat-fusils-superposes","8":"first","9":"instock","10":"sale","11":"shipping-taxable","12":"purchasable","13":"product-type-simple"},"yoast_head":"<!-- This site is optimized with the Yoast SEO plugin v24.3 - https:\/\/yoast.com\/wordpress\/plugins\/seo\/ -->\n<title>COUNTRY - FUSIL SLUG ST CAL. 12\/76 NEUF - Atelier de la for\u00eat de Hez<\/title>\n<meta name=\"robots\" content=\"index, follow, max-snippet:-1, max-image-preview:large, max-video-preview:-1\" \/>\n<link rel=\"canonical\" href=\"https:\/\/atelierdelaforetdehez.fr\/?product=country-fusil-slug-st-cal-12-76-neuf\" \/>\n<meta property=\"og:locale\" content=\"fr_FR\" \/>\n<meta property=\"og:type\" content=\"article\" \/>\n<meta property=\"og:title\" content=\"COUNTRY - FUSIL SLUG ST CAL. 12\/76 NEUF - Atelier de la for\u00eat de Hez\" \/>\n<meta property=\"og:description\" content=\"Marque\u00a0:\u00a0Country Mod\u00e8le\u00a0:\u00a0MC 269T Etat de l&#039;objet\u00a0:\u00a0Neuf Chambrage\u00a0:\u00a076 mm Longueur de canon\u00a0:\u00a051 cm Type de d\u00e9tente\u00a0:\u00a0Mono d\u00e9tente Type d&#039;\u00e9jection\u00a0:\u00a0Extracteurs Type de fusil\u00a0:\u00a0Slug Arme pour\u00a0:\u00a0Droitier Longueur de crosse\u00a0:\u00a0375mm Poids\u00a0:\u00a02450g Type de choke\u00a0:\u00a0Fixes Chokage ou chokes fournis\u00a0:\u00a0Lisse Epreuve bille d&#039;acier\u00a0:\u00a0Oui Garantie\u00a0:\u00a0Oui Dur\u00e9e\u00a0:\u00a05 ans\" \/>\n<meta property=\"og:url\" content=\"https:\/\/atelierdelaforetdehez.fr\/?product=country-fusil-slug-st-cal-12-76-neuf\" \/>\n<meta property=\"og:site_name\" content=\"Atelier de la for\u00eat de Hez\" \/>\n<meta property=\"article:publisher\" content=\"https:\/\/www.facebook.com\/profile.php?id=100057486488270\" \/>\n<meta property=\"article:modified_time\" content=\"2025-01-27T18:14:25+00:00\" \/>\n<meta property=\"og:image\" content=\"https:\/\/atelierdelaforetdehez.fr\/wp-content\/uploads\/2025\/01\/Capture-decran-2025-01-27-191034.png\" \/>\n\t<meta property=\"og:image:width\" content=\"755\" \/>\n\t<meta property=\"og:image:height\" content=\"175\" \/>\n\t<meta property=\"og:image:type\" content=\"image\/png\" \/>\n<meta name=\"twitter:card\" content=\"summary_large_image\" \/>\n<meta name=\"twitter:label1\" content=\"Dur\u00e9e de lecture estim\u00e9e\" \/>\n\t<meta name=\"twitter:data1\" content=\"2 minutes\" \/>\n<script type=\"application\/ld+json\" class=\"yoast-schema-graph\">{\"@context\":\"https:\/\/schema.org\",\"@graph\":[{\"@type\":\"WebPage\",\"@id\":\"https:\/\/atelierdelaforetdehez.fr\/?product=country-fusil-slug-st-cal-12-76-neuf\",\"url\":\"https:\/\/atelierdelaforetdehez.fr\/?product=country-fusil-slug-st-cal-12-76-neuf\",\"name\":\"COUNTRY - FUSIL SLUG ST CAL. 12\/76 NEUF - Atelier de la for\u00eat de Hez\",\"isPartOf\":{\"@id\":\"https:\/\/atelierdelaforetdehez.fr\/#website\"},\"primaryImageOfPage\":{\"@id\":\"https:\/\/atelierdelaforetdehez.fr\/?product=country-fusil-slug-st-cal-12-76-neuf#primaryimage\"},\"image\":{\"@id\":\"https:\/\/atelierdelaforetdehez.fr\/?product=country-fusil-slug-st-cal-12-76-neuf#primaryimage\"},\"thumbnailUrl\":\"https:\/\/atelierdelaforetdehez.fr\/wp-content\/uploads\/2025\/01\/Capture-decran-2025-01-27-191034.png\",\"datePublished\":\"2025-01-27T18:14:24+00:00\",\"dateModified\":\"2025-01-27T18:14:25+00:00\",\"breadcrumb\":{\"@id\":\"https:\/\/atelierdelaforetdehez.fr\/?product=country-fusil-slug-st-cal-12-76-neuf#breadcrumb\"},\"inLanguage\":\"fr-FR\",\"potentialAction\":[{\"@type\":\"ReadAction\",\"target\":[\"https:\/\/atelierdelaforetdehez.fr\/?product=country-fusil-slug-st-cal-12-76-neuf\"]}]},{\"@type\":\"ImageObject\",\"inLanguage\":\"fr-FR\",\"@id\":\"https:\/\/atelierdelaforetdehez.fr\/?product=country-fusil-slug-st-cal-12-76-neuf#primaryimage\",\"url\":\"https:\/\/atelierdelaforetdehez.fr\/wp-content\/uploads\/2025\/01\/Capture-decran-2025-01-27-191034.png\",\"contentUrl\":\"https:\/\/atelierdelaforetdehez.fr\/wp-content\/uploads\/2025\/01\/Capture-decran-2025-01-27-191034.png\",\"width\":755,\"height\":175},{\"@type\":\"BreadcrumbList\",\"@id\":\"https:\/\/atelierdelaforetdehez.fr\/?product=country-fusil-slug-st-cal-12-76-neuf#breadcrumb\",\"itemListElement\":[{\"@type\":\"ListItem\",\"position\":1,\"name\":\"Accueil\",\"item\":\"https:\/\/atelierdelaforetdehez.fr\/\"},{\"@type\":\"ListItem\",\"position\":2,\"name\":\"Produits\",\"item\":\"https:\/\/atelierdelaforetdehez.fr\/?post_type=product\"},{\"@type\":\"ListItem\",\"position\":3,\"name\":\"COUNTRY &#8211; FUSIL SLUG ST CAL. 12\/76 NEUF\"}]},{\"@type\":\"WebSite\",\"@id\":\"https:\/\/atelierdelaforetdehez.fr\/#website\",\"url\":\"https:\/\/atelierdelaforetdehez.fr\/\",\"name\":\"Atelier de la for\u00eat de Hez\",\"description\":\"Armurerie dans l&#039;Oise\",\"publisher\":{\"@id\":\"https:\/\/atelierdelaforetdehez.fr\/#organization\"},\"potentialAction\":[{\"@type\":\"SearchAction\",\"target\":{\"@type\":\"EntryPoint\",\"urlTemplate\":\"https:\/\/atelierdelaforetdehez.fr\/?s={search_term_string}\"},\"query-input\":{\"@type\":\"PropertyValueSpecification\",\"valueRequired\":true,\"valueName\":\"search_term_string\"}}],\"inLanguage\":\"fr-FR\"},{\"@type\":\"Organization\",\"@id\":\"https:\/\/atelierdelaforetdehez.fr\/#organization\",\"name\":\"Atelier de la For\u00eat de Hez\",\"url\":\"https:\/\/atelierdelaforetdehez.fr\/\",\"logo\":{\"@type\":\"ImageObject\",\"inLanguage\":\"fr-FR\",\"@id\":\"https:\/\/atelierdelaforetdehez.fr\/#\/schema\/logo\/image\/\",\"url\":\"https:\/\/atelierdelaforetdehez.fr\/wp-content\/uploads\/2022\/06\/Capture-e1654441375318.png\",\"contentUrl\":\"https:\/\/atelierdelaforetdehez.fr\/wp-content\/uploads\/2022\/06\/Capture-e1654441375318.png\",\"width\":586,\"height\":588,\"caption\":\"Atelier de la For\u00eat de Hez\"},\"image\":{\"@id\":\"https:\/\/atelierdelaforetdehez.fr\/#\/schema\/logo\/image\/\"},\"sameAs\":[\"https:\/\/www.facebook.com\/profile.php?id=100057486488270\"]}]}<\/script>\n<!-- \/ Yoast SEO plugin. -->","yoast_head_json":{"title":"COUNTRY - FUSIL SLUG ST CAL. 12\/76 NEUF - Atelier de la for\u00eat de Hez","robots":{"index":"index","follow":"follow","max-snippet":"max-snippet:-1","max-image-preview":"max-image-preview:large","max-video-preview":"max-video-preview:-1"},"canonical":"https:\/\/atelierdelaforetdehez.fr\/?product=country-fusil-slug-st-cal-12-76-neuf","og_locale":"fr_FR","og_type":"article","og_title":"COUNTRY - FUSIL SLUG ST CAL. 12\/76 NEUF - Atelier de la for\u00eat de Hez","og_description":"Marque\u00a0:\u00a0Country Mod\u00e8le\u00a0:\u00a0MC 269T Etat de l'objet\u00a0:\u00a0Neuf Chambrage\u00a0:\u00a076 mm Longueur de canon\u00a0:\u00a051 cm Type de d\u00e9tente\u00a0:\u00a0Mono d\u00e9tente Type d'\u00e9jection\u00a0:\u00a0Extracteurs Type de fusil\u00a0:\u00a0Slug Arme pour\u00a0:\u00a0Droitier Longueur de crosse\u00a0:\u00a0375mm Poids\u00a0:\u00a02450g Type de choke\u00a0:\u00a0Fixes Chokage ou chokes fournis\u00a0:\u00a0Lisse Epreuve bille d'acier\u00a0:\u00a0Oui Garantie\u00a0:\u00a0Oui Dur\u00e9e\u00a0:\u00a05 ans","og_url":"https:\/\/atelierdelaforetdehez.fr\/?product=country-fusil-slug-st-cal-12-76-neuf","og_site_name":"Atelier de la for\u00eat de Hez","article_publisher":"https:\/\/www.facebook.com\/profile.php?id=100057486488270","article_modified_time":"2025-01-27T18:14:25+00:00","og_image":[{"width":755,"height":175,"url":"https:\/\/atelierdelaforetdehez.fr\/wp-content\/uploads\/2025\/01\/Capture-decran-2025-01-27-191034.png","type":"image\/png"}],"twitter_card":"summary_large_image","twitter_misc":{"Dur\u00e9e de lecture estim\u00e9e":"2 minutes"},"schema":{"@context":"https:\/\/schema.org","@graph":[{"@type":"WebPage","@id":"https:\/\/atelierdelaforetdehez.fr\/?product=country-fusil-slug-st-cal-12-76-neuf","url":"https:\/\/atelierdelaforetdehez.fr\/?product=country-fusil-slug-st-cal-12-76-neuf","name":"COUNTRY - FUSIL SLUG ST CAL. 12\/76 NEUF - Atelier de la for\u00eat de Hez","isPartOf":{"@id":"https:\/\/atelierdelaforetdehez.fr\/#website"},"primaryImageOfPage":{"@id":"https:\/\/atelierdelaforetdehez.fr\/?product=country-fusil-slug-st-cal-12-76-neuf#primaryimage"},"image":{"@id":"https:\/\/atelierdelaforetdehez.fr\/?product=country-fusil-slug-st-cal-12-76-neuf#primaryimage"},"thumbnailUrl":"https:\/\/atelierdelaforetdehez.fr\/wp-content\/uploads\/2025\/01\/Capture-decran-2025-01-27-191034.png","datePublished":"2025-01-27T18:14:24+00:00","dateModified":"2025-01-27T18:14:25+00:00","breadcrumb":{"@id":"https:\/\/atelierdelaforetdehez.fr\/?product=country-fusil-slug-st-cal-12-76-neuf#breadcrumb"},"inLanguage":"fr-FR","potentialAction":[{"@type":"ReadAction","target":["https:\/\/atelierdelaforetdehez.fr\/?product=country-fusil-slug-st-cal-12-76-neuf"]}]},{"@type":"ImageObject","inLanguage":"fr-FR","@id":"https:\/\/atelierdelaforetdehez.fr\/?product=country-fusil-slug-st-cal-12-76-neuf#primaryimage","url":"https:\/\/atelierdelaforetdehez.fr\/wp-content\/uploads\/2025\/01\/Capture-decran-2025-01-27-191034.png","contentUrl":"https:\/\/atelierdelaforetdehez.fr\/wp-content\/uploads\/2025\/01\/Capture-decran-2025-01-27-191034.png","width":755,"height":175},{"@type":"BreadcrumbList","@id":"https:\/\/atelierdelaforetdehez.fr\/?product=country-fusil-slug-st-cal-12-76-neuf#breadcrumb","itemListElement":[{"@type":"ListItem","position":1,"name":"Accueil","item":"https:\/\/atelierdelaforetdehez.fr\/"},{"@type":"ListItem","position":2,"name":"Produits","item":"https:\/\/atelierdelaforetdehez.fr\/?post_type=product"},{"@type":"ListItem","position":3,"name":"COUNTRY &#8211; FUSIL SLUG ST CAL. 12\/76 NEUF"}]},{"@type":"WebSite","@id":"https:\/\/atelierdelaforetdehez.fr\/#website","url":"https:\/\/atelierdelaforetdehez.fr\/","name":"Atelier de la for\u00eat de Hez","description":"Armurerie dans l&#039;Oise","publisher":{"@id":"https:\/\/atelierdelaforetdehez.fr\/#organization"},"potentialAction":[{"@type":"SearchAction","target":{"@type":"EntryPoint","urlTemplate":"https:\/\/atelierdelaforetdehez.fr\/?s={search_term_string}"},"query-input":{"@type":"PropertyValueSpecification","valueRequired":true,"valueName":"search_term_string"}}],"inLanguage":"fr-FR"},{"@type":"Organization","@id":"https:\/\/atelierdelaforetdehez.fr\/#organization","name":"Atelier de la For\u00eat de Hez","url":"https:\/\/atelierdelaforetdehez.fr\/","logo":{"@type":"ImageObject","inLanguage":"fr-FR","@id":"https:\/\/atelierdelaforetdehez.fr\/#\/schema\/logo\/image\/","url":"https:\/\/atelierdelaforetdehez.fr\/wp-content\/uploads\/2022\/06\/Capture-e1654441375318.png","contentUrl":"https:\/\/atelierdelaforetdehez.fr\/wp-content\/uploads\/2022\/06\/Capture-e1654441375318.png","width":586,"height":588,"caption":"Atelier de la For\u00eat de Hez"},"image":{"@id":"https:\/\/atelierdelaforetdehez.fr\/#\/schema\/logo\/image\/"},"sameAs":["https:\/\/www.facebook.com\/profile.php?id=100057486488270"]}]}},"jetpack_sharing_enabled":true,"_links":{"self":[{"href":"https:\/\/atelierdelaforetdehez.fr\/index.php?rest_route=\/wp\/v2\/product\/1125","targetHints":{"allow":["GET"]}}],"collection":[{"href":"https:\/\/atelierdelaforetdehez.fr\/index.php?rest_route=\/wp\/v2\/product"}],"about":[{"href":"https:\/\/atelierdelaforetdehez.fr\/index.php?rest_route=\/wp\/v2\/types\/product"}],"version-history":[{"count":1,"href":"https:\/\/atelierdelaforetdehez.fr\/index.php?rest_route=\/wp\/v2\/product\/1125\/revisions"}],"predecessor-version":[{"id":1135,"href":"https:\/\/atelierdelaforetdehez.fr\/index.php?rest_route=\/wp\/v2\/product\/1125\/revisions\/1135"}],"wp:featuredmedia":[{"embeddable":true,"href":"https:\/\/atelierdelaforetdehez.fr\/index.php?rest_route=\/wp\/v2\/media\/1126"}],"wp:attachment":[{"href":"https:\/\/atelierdelaforetdehez.fr\/index.php?rest_route=%2Fwp%2Fv2%2Fmedia&parent=1125"}],"wp:term":[{"taxonomy":"product_cat","embeddable":true,"href":"https:\/\/atelierdelaforetdehez.fr\/index.php?rest_route=%2Fwp%2Fv2%2Fproduct_cat&post=1125"},{"taxonomy":"product_tag","embeddable":true,"href":"https:\/\/atelierdelaforetdehez.fr\/index.php?rest_route=%2Fwp%2Fv2%2Fproduct_tag&post=1125"}],"curies":[{"name":"wp","href":"https:\/\/api.w.org\/{rel}","templated":true}]}}