{"id":1081,"date":"2025-01-27T18:45:19","date_gmt":"2025-01-27T17:45:19","guid":{"rendered":"https:\/\/atelierdelaforetdehez.fr\/?post_type=product&#038;p=1081"},"modified":"2025-01-27T18:45:20","modified_gmt":"2025-01-27T17:45:20","slug":"fusil-superpose-country-cal-12-76-mc2120","status":"publish","type":"product","link":"https:\/\/atelierdelaforetdehez.fr\/?product=fusil-superpose-country-cal-12-76-mc2120","title":{"rendered":"FUSIL SUPERPOS\u00c9 COUNTRY &#8211; CAL. 12\/76 MC2120"},"content":{"rendered":"<p>FUSILS SUPERPOS\u00c9S COUNTRY &#8211; CAL. 12\/76 MC2120<\/p>\n<p>&nbsp;<\/p>\n<p>Rapport qualit\u00e9 \/ prix \/ pr\u00e9sentation&#8230; pour ces armes de belle finition. Bascules r\u00e9alis\u00e9es en alliage d\u2019aluminium qualit\u00e9 a\u00e9ronautique finement grav\u00e9es. Crosses en bois de noyer ponc\u00e9es, huil\u00e9es qui conf\u00e8rent aux armes Yildiz &amp; Country une note \u00e9l\u00e9gante sans rien conc\u00e9der \u00e0 la fiabilit\u00e9.<\/p>\n<p>Fusil de plaine ambidextre pour la chasse au petit gibier.<\/p>\n<p>&nbsp;<\/p>\n<p>Crosse pistolet et devant en noyer ponc\u00e9e, huil\u00e9e.<br \/>\nBascules en alliage l\u00e9ger avec une finition noir profond.<br \/>\nLivr\u00e9s avec 5 chokes interchangeables (full, 3\/4, 1\/2, 1\/4, Cylindrique).<\/p>\n","protected":false},"excerpt":{"rendered":"<h2 id=\"1477\" class=\"critereinItem critere mandatory\"><span class=\"critTitle\">Marque<\/span>\u00a0:\u00a0<b><span class=\"critValue\">Country<\/span><\/b><\/h2>\n<h2 id=\"119515\" class=\"critereinItem critere mandatory\"><span class=\"critTitle\">Mod\u00e8le<\/span>\u00a0:\u00a0<b><span class=\"critValue\">MC 2120<\/span><\/b><\/h2>\n<h2 id=\"1105\" class=\"critereinItem critere condition mandatory\"><span class=\"critTitle\">Etat de l&#8217;objet<\/span>\u00a0:\u00a0<b><span class=\"critValue\">Neuf<\/span><\/b><\/h2>\n<h2 id=\"9\" class=\"critereinItem critere mandatory\"><span class=\"critTitle\">Chambrage<\/span>\u00a0:\u00a0<b><span class=\"critValue\">76 mm<\/span><\/b><\/h2>\n<h2 id=\"16\" class=\"critereinItem critere mandatory\"><span class=\"critTitle\">Longueur de canon<\/span>\u00a0:\u00a0<b><span class=\"critValue\">71 cm<\/span><\/b><\/h2>\n<div id=\"20\" class=\"critere\"><span class=\"critTitle\">Type de d\u00e9tente<\/span>\u00a0:\u00a0<span class=\"critValue\">Mono d\u00e9tente<\/span><\/div>\n<div id=\"14\" class=\"critere\"><span class=\"critTitle\">Type d&#8217;\u00e9jection<\/span>\u00a0:\u00a0<span class=\"critValue\">Extracteurs<\/span><\/div>\n<div id=\"464\" class=\"critere\"><span class=\"critTitle\">Arme pour<\/span>\u00a0:\u00a0<span class=\"critValue\">Droitier<\/span><\/div>\n<div id=\"375mm\" class=\"critere\"><span class=\"critTitle\">Longueur de crosse<\/span>\u00a0:\u00a0<span class=\"critValue\">375mm<\/span><\/div>\n<div id=\"2990g\" class=\"critere\"><span class=\"critTitle\">Poids<\/span>\u00a0:\u00a0<span class=\"critValue\">2990g<\/span><\/div>\n<div id=\"1078\" class=\"critere\"><span class=\"critTitle\">Type de choke<\/span>\u00a0:\u00a0<span class=\"critValue\">Interchangeables<\/span><\/div>\n<div id=\"1079_1080_1081_1082_1083\" class=\"critere\"><span class=\"critTitle\">Chokage ou chokes fournis<\/span>\u00a0:\u00a0<span class=\"critValue\">Lisse, 1\/4, 1\/2, 3\/4, Full<\/span><\/div>\n<div id=\"1103\" class=\"critere\"><span class=\"critTitle\">Epreuve bille d&#8217;acier<\/span>\u00a0:\u00a0<span class=\"critValue\">Oui<\/span><\/div>\n<div id=\"1914\" class=\"critere\"><span class=\"critTitle\">Garantie<\/span>\u00a0:\u00a0<span class=\"critValue\">Oui<\/span><\/div>\n<div id=\"1921\" class=\"critere\"><span class=\"critTitle\">Dur\u00e9e<\/span>\u00a0:\u00a0<span class=\"critValue\">5 ans<\/span><\/div>\n","protected":false},"featured_media":1082,"template":"","meta":[],"product_cat":[56],"product_tag":[],"class_list":{"0":"post-1081","1":"product","2":"type-product","3":"status-publish","4":"has-post-thumbnail","6":"product_cat-fusils-superposes","8":"first","9":"instock","10":"sale","11":"shipping-taxable","12":"purchasable","13":"product-type-simple"},"yoast_head":"<!-- This site is optimized with the Yoast SEO plugin v24.3 - https:\/\/yoast.com\/wordpress\/plugins\/seo\/ -->\n<title>FUSIL SUPERPOS\u00c9 COUNTRY - CAL. 12\/76 MC2120 - Atelier de la for\u00eat de Hez<\/title>\n<meta name=\"robots\" content=\"index, follow, max-snippet:-1, max-image-preview:large, max-video-preview:-1\" \/>\n<link rel=\"canonical\" href=\"https:\/\/atelierdelaforetdehez.fr\/?product=fusil-superpose-country-cal-12-76-mc2120\" \/>\n<meta property=\"og:locale\" content=\"fr_FR\" \/>\n<meta property=\"og:type\" content=\"article\" \/>\n<meta property=\"og:title\" content=\"FUSIL SUPERPOS\u00c9 COUNTRY - CAL. 12\/76 MC2120 - Atelier de la for\u00eat de Hez\" \/>\n<meta property=\"og:description\" content=\"Marque\u00a0:\u00a0Country Mod\u00e8le\u00a0:\u00a0MC 2120 Etat de l&#039;objet\u00a0:\u00a0Neuf Chambrage\u00a0:\u00a076 mm Longueur de canon\u00a0:\u00a071 cm Type de d\u00e9tente\u00a0:\u00a0Mono d\u00e9tente Type d&#039;\u00e9jection\u00a0:\u00a0Extracteurs Arme pour\u00a0:\u00a0Droitier Longueur de crosse\u00a0:\u00a0375mm Poids\u00a0:\u00a02990g Type de choke\u00a0:\u00a0Interchangeables Chokage ou chokes fournis\u00a0:\u00a0Lisse, 1\/4, 1\/2, 3\/4, Full Epreuve bille d&#039;acier\u00a0:\u00a0Oui Garantie\u00a0:\u00a0Oui Dur\u00e9e\u00a0:\u00a05 ans\" \/>\n<meta property=\"og:url\" content=\"https:\/\/atelierdelaforetdehez.fr\/?product=fusil-superpose-country-cal-12-76-mc2120\" \/>\n<meta property=\"og:site_name\" content=\"Atelier de la for\u00eat de Hez\" \/>\n<meta property=\"article:publisher\" content=\"https:\/\/www.facebook.com\/profile.php?id=100057486488270\" \/>\n<meta property=\"article:modified_time\" content=\"2025-01-27T17:45:20+00:00\" \/>\n<meta property=\"og:image\" content=\"https:\/\/atelierdelaforetdehez.fr\/wp-content\/uploads\/2025\/01\/474678826_1278816886664880_8078095657106276365_n-rotated.jpg\" \/>\n\t<meta property=\"og:image:width\" content=\"2000\" \/>\n\t<meta property=\"og:image:height\" content=\"922\" \/>\n\t<meta property=\"og:image:type\" content=\"image\/jpeg\" \/>\n<meta name=\"twitter:card\" content=\"summary_large_image\" \/>\n<meta name=\"twitter:label1\" content=\"Dur\u00e9e de lecture estim\u00e9e\" \/>\n\t<meta name=\"twitter:data1\" content=\"1 minute\" \/>\n<script type=\"application\/ld+json\" class=\"yoast-schema-graph\">{\"@context\":\"https:\/\/schema.org\",\"@graph\":[{\"@type\":\"WebPage\",\"@id\":\"https:\/\/atelierdelaforetdehez.fr\/?product=fusil-superpose-country-cal-12-76-mc2120\",\"url\":\"https:\/\/atelierdelaforetdehez.fr\/?product=fusil-superpose-country-cal-12-76-mc2120\",\"name\":\"FUSIL SUPERPOS\u00c9 COUNTRY - CAL. 12\/76 MC2120 - Atelier de la for\u00eat de Hez\",\"isPartOf\":{\"@id\":\"https:\/\/atelierdelaforetdehez.fr\/#website\"},\"primaryImageOfPage\":{\"@id\":\"https:\/\/atelierdelaforetdehez.fr\/?product=fusil-superpose-country-cal-12-76-mc2120#primaryimage\"},\"image\":{\"@id\":\"https:\/\/atelierdelaforetdehez.fr\/?product=fusil-superpose-country-cal-12-76-mc2120#primaryimage\"},\"thumbnailUrl\":\"https:\/\/atelierdelaforetdehez.fr\/wp-content\/uploads\/2025\/01\/474678826_1278816886664880_8078095657106276365_n-rotated.jpg\",\"datePublished\":\"2025-01-27T17:45:19+00:00\",\"dateModified\":\"2025-01-27T17:45:20+00:00\",\"breadcrumb\":{\"@id\":\"https:\/\/atelierdelaforetdehez.fr\/?product=fusil-superpose-country-cal-12-76-mc2120#breadcrumb\"},\"inLanguage\":\"fr-FR\",\"potentialAction\":[{\"@type\":\"ReadAction\",\"target\":[\"https:\/\/atelierdelaforetdehez.fr\/?product=fusil-superpose-country-cal-12-76-mc2120\"]}]},{\"@type\":\"ImageObject\",\"inLanguage\":\"fr-FR\",\"@id\":\"https:\/\/atelierdelaforetdehez.fr\/?product=fusil-superpose-country-cal-12-76-mc2120#primaryimage\",\"url\":\"https:\/\/atelierdelaforetdehez.fr\/wp-content\/uploads\/2025\/01\/474678826_1278816886664880_8078095657106276365_n-rotated.jpg\",\"contentUrl\":\"https:\/\/atelierdelaforetdehez.fr\/wp-content\/uploads\/2025\/01\/474678826_1278816886664880_8078095657106276365_n-rotated.jpg\",\"width\":2000,\"height\":922},{\"@type\":\"BreadcrumbList\",\"@id\":\"https:\/\/atelierdelaforetdehez.fr\/?product=fusil-superpose-country-cal-12-76-mc2120#breadcrumb\",\"itemListElement\":[{\"@type\":\"ListItem\",\"position\":1,\"name\":\"Accueil\",\"item\":\"https:\/\/atelierdelaforetdehez.fr\/\"},{\"@type\":\"ListItem\",\"position\":2,\"name\":\"Produits\",\"item\":\"https:\/\/atelierdelaforetdehez.fr\/?post_type=product\"},{\"@type\":\"ListItem\",\"position\":3,\"name\":\"FUSIL SUPERPOS\u00c9 COUNTRY &#8211; CAL. 12\/76 MC2120\"}]},{\"@type\":\"WebSite\",\"@id\":\"https:\/\/atelierdelaforetdehez.fr\/#website\",\"url\":\"https:\/\/atelierdelaforetdehez.fr\/\",\"name\":\"Atelier de la for\u00eat de Hez\",\"description\":\"Armurerie dans l&#039;Oise\",\"publisher\":{\"@id\":\"https:\/\/atelierdelaforetdehez.fr\/#organization\"},\"potentialAction\":[{\"@type\":\"SearchAction\",\"target\":{\"@type\":\"EntryPoint\",\"urlTemplate\":\"https:\/\/atelierdelaforetdehez.fr\/?s={search_term_string}\"},\"query-input\":{\"@type\":\"PropertyValueSpecification\",\"valueRequired\":true,\"valueName\":\"search_term_string\"}}],\"inLanguage\":\"fr-FR\"},{\"@type\":\"Organization\",\"@id\":\"https:\/\/atelierdelaforetdehez.fr\/#organization\",\"name\":\"Atelier de la For\u00eat de Hez\",\"url\":\"https:\/\/atelierdelaforetdehez.fr\/\",\"logo\":{\"@type\":\"ImageObject\",\"inLanguage\":\"fr-FR\",\"@id\":\"https:\/\/atelierdelaforetdehez.fr\/#\/schema\/logo\/image\/\",\"url\":\"https:\/\/atelierdelaforetdehez.fr\/wp-content\/uploads\/2022\/06\/Capture-e1654441375318.png\",\"contentUrl\":\"https:\/\/atelierdelaforetdehez.fr\/wp-content\/uploads\/2022\/06\/Capture-e1654441375318.png\",\"width\":586,\"height\":588,\"caption\":\"Atelier de la For\u00eat de Hez\"},\"image\":{\"@id\":\"https:\/\/atelierdelaforetdehez.fr\/#\/schema\/logo\/image\/\"},\"sameAs\":[\"https:\/\/www.facebook.com\/profile.php?id=100057486488270\"]}]}<\/script>\n<!-- \/ Yoast SEO plugin. -->","yoast_head_json":{"title":"FUSIL SUPERPOS\u00c9 COUNTRY - CAL. 12\/76 MC2120 - Atelier de la for\u00eat de Hez","robots":{"index":"index","follow":"follow","max-snippet":"max-snippet:-1","max-image-preview":"max-image-preview:large","max-video-preview":"max-video-preview:-1"},"canonical":"https:\/\/atelierdelaforetdehez.fr\/?product=fusil-superpose-country-cal-12-76-mc2120","og_locale":"fr_FR","og_type":"article","og_title":"FUSIL SUPERPOS\u00c9 COUNTRY - CAL. 12\/76 MC2120 - Atelier de la for\u00eat de Hez","og_description":"Marque\u00a0:\u00a0Country Mod\u00e8le\u00a0:\u00a0MC 2120 Etat de l'objet\u00a0:\u00a0Neuf Chambrage\u00a0:\u00a076 mm Longueur de canon\u00a0:\u00a071 cm Type de d\u00e9tente\u00a0:\u00a0Mono d\u00e9tente Type d'\u00e9jection\u00a0:\u00a0Extracteurs Arme pour\u00a0:\u00a0Droitier Longueur de crosse\u00a0:\u00a0375mm Poids\u00a0:\u00a02990g Type de choke\u00a0:\u00a0Interchangeables Chokage ou chokes fournis\u00a0:\u00a0Lisse, 1\/4, 1\/2, 3\/4, Full Epreuve bille d'acier\u00a0:\u00a0Oui Garantie\u00a0:\u00a0Oui Dur\u00e9e\u00a0:\u00a05 ans","og_url":"https:\/\/atelierdelaforetdehez.fr\/?product=fusil-superpose-country-cal-12-76-mc2120","og_site_name":"Atelier de la for\u00eat de Hez","article_publisher":"https:\/\/www.facebook.com\/profile.php?id=100057486488270","article_modified_time":"2025-01-27T17:45:20+00:00","og_image":[{"width":2000,"height":922,"url":"https:\/\/atelierdelaforetdehez.fr\/wp-content\/uploads\/2025\/01\/474678826_1278816886664880_8078095657106276365_n-rotated.jpg","type":"image\/jpeg"}],"twitter_card":"summary_large_image","twitter_misc":{"Dur\u00e9e de lecture estim\u00e9e":"1 minute"},"schema":{"@context":"https:\/\/schema.org","@graph":[{"@type":"WebPage","@id":"https:\/\/atelierdelaforetdehez.fr\/?product=fusil-superpose-country-cal-12-76-mc2120","url":"https:\/\/atelierdelaforetdehez.fr\/?product=fusil-superpose-country-cal-12-76-mc2120","name":"FUSIL SUPERPOS\u00c9 COUNTRY - CAL. 12\/76 MC2120 - Atelier de la for\u00eat de Hez","isPartOf":{"@id":"https:\/\/atelierdelaforetdehez.fr\/#website"},"primaryImageOfPage":{"@id":"https:\/\/atelierdelaforetdehez.fr\/?product=fusil-superpose-country-cal-12-76-mc2120#primaryimage"},"image":{"@id":"https:\/\/atelierdelaforetdehez.fr\/?product=fusil-superpose-country-cal-12-76-mc2120#primaryimage"},"thumbnailUrl":"https:\/\/atelierdelaforetdehez.fr\/wp-content\/uploads\/2025\/01\/474678826_1278816886664880_8078095657106276365_n-rotated.jpg","datePublished":"2025-01-27T17:45:19+00:00","dateModified":"2025-01-27T17:45:20+00:00","breadcrumb":{"@id":"https:\/\/atelierdelaforetdehez.fr\/?product=fusil-superpose-country-cal-12-76-mc2120#breadcrumb"},"inLanguage":"fr-FR","potentialAction":[{"@type":"ReadAction","target":["https:\/\/atelierdelaforetdehez.fr\/?product=fusil-superpose-country-cal-12-76-mc2120"]}]},{"@type":"ImageObject","inLanguage":"fr-FR","@id":"https:\/\/atelierdelaforetdehez.fr\/?product=fusil-superpose-country-cal-12-76-mc2120#primaryimage","url":"https:\/\/atelierdelaforetdehez.fr\/wp-content\/uploads\/2025\/01\/474678826_1278816886664880_8078095657106276365_n-rotated.jpg","contentUrl":"https:\/\/atelierdelaforetdehez.fr\/wp-content\/uploads\/2025\/01\/474678826_1278816886664880_8078095657106276365_n-rotated.jpg","width":2000,"height":922},{"@type":"BreadcrumbList","@id":"https:\/\/atelierdelaforetdehez.fr\/?product=fusil-superpose-country-cal-12-76-mc2120#breadcrumb","itemListElement":[{"@type":"ListItem","position":1,"name":"Accueil","item":"https:\/\/atelierdelaforetdehez.fr\/"},{"@type":"ListItem","position":2,"name":"Produits","item":"https:\/\/atelierdelaforetdehez.fr\/?post_type=product"},{"@type":"ListItem","position":3,"name":"FUSIL SUPERPOS\u00c9 COUNTRY &#8211; CAL. 12\/76 MC2120"}]},{"@type":"WebSite","@id":"https:\/\/atelierdelaforetdehez.fr\/#website","url":"https:\/\/atelierdelaforetdehez.fr\/","name":"Atelier de la for\u00eat de Hez","description":"Armurerie dans l&#039;Oise","publisher":{"@id":"https:\/\/atelierdelaforetdehez.fr\/#organization"},"potentialAction":[{"@type":"SearchAction","target":{"@type":"EntryPoint","urlTemplate":"https:\/\/atelierdelaforetdehez.fr\/?s={search_term_string}"},"query-input":{"@type":"PropertyValueSpecification","valueRequired":true,"valueName":"search_term_string"}}],"inLanguage":"fr-FR"},{"@type":"Organization","@id":"https:\/\/atelierdelaforetdehez.fr\/#organization","name":"Atelier de la For\u00eat de Hez","url":"https:\/\/atelierdelaforetdehez.fr\/","logo":{"@type":"ImageObject","inLanguage":"fr-FR","@id":"https:\/\/atelierdelaforetdehez.fr\/#\/schema\/logo\/image\/","url":"https:\/\/atelierdelaforetdehez.fr\/wp-content\/uploads\/2022\/06\/Capture-e1654441375318.png","contentUrl":"https:\/\/atelierdelaforetdehez.fr\/wp-content\/uploads\/2022\/06\/Capture-e1654441375318.png","width":586,"height":588,"caption":"Atelier de la For\u00eat de Hez"},"image":{"@id":"https:\/\/atelierdelaforetdehez.fr\/#\/schema\/logo\/image\/"},"sameAs":["https:\/\/www.facebook.com\/profile.php?id=100057486488270"]}]}},"jetpack_sharing_enabled":true,"_links":{"self":[{"href":"https:\/\/atelierdelaforetdehez.fr\/index.php?rest_route=\/wp\/v2\/product\/1081","targetHints":{"allow":["GET"]}}],"collection":[{"href":"https:\/\/atelierdelaforetdehez.fr\/index.php?rest_route=\/wp\/v2\/product"}],"about":[{"href":"https:\/\/atelierdelaforetdehez.fr\/index.php?rest_route=\/wp\/v2\/types\/product"}],"version-history":[{"count":1,"href":"https:\/\/atelierdelaforetdehez.fr\/index.php?rest_route=\/wp\/v2\/product\/1081\/revisions"}],"predecessor-version":[{"id":1094,"href":"https:\/\/atelierdelaforetdehez.fr\/index.php?rest_route=\/wp\/v2\/product\/1081\/revisions\/1094"}],"wp:featuredmedia":[{"embeddable":true,"href":"https:\/\/atelierdelaforetdehez.fr\/index.php?rest_route=\/wp\/v2\/media\/1082"}],"wp:attachment":[{"href":"https:\/\/atelierdelaforetdehez.fr\/index.php?rest_route=%2Fwp%2Fv2%2Fmedia&parent=1081"}],"wp:term":[{"taxonomy":"product_cat","embeddable":true,"href":"https:\/\/atelierdelaforetdehez.fr\/index.php?rest_route=%2Fwp%2Fv2%2Fproduct_cat&post=1081"},{"taxonomy":"product_tag","embeddable":true,"href":"https:\/\/atelierdelaforetdehez.fr\/index.php?rest_route=%2Fwp%2Fv2%2Fproduct_tag&post=1081"}],"curies":[{"name":"wp","href":"https:\/\/api.w.org\/{rel}","templated":true}]}}