{"id":1015,"date":"2025-01-21T22:42:47","date_gmt":"2025-01-21T21:42:47","guid":{"rendered":"https:\/\/atelierdelaforetdehez.fr\/?post_type=product&#038;p=1015"},"modified":"2025-01-21T22:56:12","modified_gmt":"2025-01-21T21:56:12","slug":"fusil-de-chasse-superpose-country-slug-cal-12-76-neuf","status":"publish","type":"product","link":"https:\/\/atelierdelaforetdehez.fr\/?product=fusil-de-chasse-superpose-country-slug-cal-12-76-neuf","title":{"rendered":"FUSIL DE CHASSE SUPERPOS\u00c9 COUNTRY SLUG &#8211; CAL. 12\/76 NEUF"},"content":{"rendered":"<h2 id=\"accroche\">Fusil ambidextre \u00e0 canons lisses cylindriques sp\u00e9cial gros gibiers pour le tir \u00e0 balles.<\/h2>\n<div id=\"description\">\n<ul>\n<li>Livr\u00e9 avec une hausse et un guidon fibre optique (non mont\u00e9, non r\u00e9gl\u00e9)<\/li>\n<li>Bande ventil\u00e9e anti reflet et grain d&#8217;orge laiton.<\/li>\n<li>Crosse en bois ponc\u00e9e, huil\u00e9e.<\/li>\n<\/ul>\n<\/div>\n<div id=\"bloc_ficheTechnique\">\n<div id=\"ficheTechnique\">\n<p>Rapport qualit\u00e9 \/ prix \/ pr\u00e9sentation extraordinaire&#8230; Pour ces armes de belle finition. Bascules r\u00e9alis\u00e9es en alliage d&#8217;aluminium de qualit\u00e9 a\u00e9ronautique finement grav\u00e9es. Crosses en noyer ponc\u00e9es, huil\u00e9es qui conf\u00e8rent aux armes Country une note \u00e9l\u00e9gante sans rien conc\u00e9der \u00e0 la fiabilit\u00e9.<\/p>\n<ul>\n<li>Calibre : 12\/76<\/li>\n<li>\u00c9jection : extracteur<\/li>\n<li>D\u00e9tente : mono d\u00e9tente s\u00e9lective<\/li>\n<li>Longueur de canon : 51 cm<\/li>\n<li>Chokes : cylindriques<\/li>\n<li>Longueur de crosse : 395 mm<\/li>\n<li>Poids : 2,6 kg<\/li>\n<\/ul>\n<\/div>\n<\/div>\n","protected":false},"excerpt":{"rendered":"<h2 id=\"1477\" class=\"critereinItem critere mandatory\"><span class=\"critTitle\">Marque<\/span>\u00a0:\u00a0<b><span class=\"critValue\">Country<\/span><\/b><\/h2>\n<h2 id=\"17548\" class=\"critereinItem critere mandatory\"><span class=\"critTitle\">Mod\u00e8le<\/span>\u00a0:\u00a0<b><span class=\"critValue\">MC 268<\/span><\/b><\/h2>\n<h2 id=\"1105\" class=\"critereinItem critere condition mandatory\"><span class=\"critTitle\">Etat de l&#8217;objet<\/span>\u00a0:\u00a0<b><span class=\"critValue\">Neuf<\/span><\/b><\/h2>\n<h2 id=\"9\" class=\"critereinItem critere mandatory\"><span class=\"critTitle\">Chambrage<\/span>\u00a0:\u00a0<b><span class=\"critValue\">76 mm<\/span><\/b><\/h2>\n<h2 id=\"2870\" class=\"critereinItem critere mandatory\"><span class=\"critTitle\">Longueur de canon<\/span>\u00a0:\u00a0<b><span class=\"critValue\">51 cm<\/span><\/b><\/h2>\n<div id=\"20\" class=\"critere\"><span class=\"critTitle\">Type de d\u00e9tente<\/span>\u00a0:\u00a0<span class=\"critValue\">Mono d\u00e9tente<\/span><\/div>\n<div id=\"14\" class=\"critere\"><span class=\"critTitle\">Type d&#8217;\u00e9jection<\/span>\u00a0:\u00a0<span class=\"critValue\">Extracteurs<\/span><\/div>\n<div id=\"226118\" class=\"critere\"><span class=\"critTitle\">Type de fusil<\/span>\u00a0:\u00a0<span class=\"critValue\">Slug<\/span><\/div>\n<div id=\"112166\" class=\"critere\"><span class=\"critTitle\">Arme pour<\/span>\u00a0:\u00a0<span class=\"critValue\">Ambidextre<\/span><\/div>\n<div id=\"375mm\" class=\"critere\"><span class=\"critTitle\">Longueur de crosse<\/span>\u00a0:\u00a0<span class=\"critValue\">375mm<\/span><\/div>\n<div id=\"2600g\" class=\"critere\"><span class=\"critTitle\">Poids<\/span>\u00a0:\u00a0<span class=\"critValue\">2600g<\/span><\/div>\n<div id=\"1071\" class=\"critere\"><span class=\"critTitle\">Type de choke<\/span>\u00a0:\u00a0<span class=\"critValue\">Fixes<\/span><\/div>\n<div id=\"1079\" class=\"critere\"><span class=\"critTitle\">Chokage ou chokes fournis<\/span>\u00a0:\u00a0<span class=\"critValue\">Lisse<\/span><\/div>\n<div id=\"1103\" class=\"critere\"><span class=\"critTitle\">Epreuve bille d&#8217;acier<\/span>\u00a0:\u00a0<span class=\"critValue\">Oui<\/span><\/div>\n<div id=\"1914\" class=\"critere\"><span class=\"critTitle\">Garantie<\/span>\u00a0:\u00a0<span class=\"critValue\">Oui<\/span><\/div>\n<div id=\"1921\" class=\"critere\"><span class=\"critTitle\">Dur\u00e9e<\/span>\u00a0:\u00a0<span class=\"critValue\">5 ans<\/span><\/div>\n","protected":false},"featured_media":1023,"template":"","meta":[],"product_cat":[56],"product_tag":[],"class_list":{"0":"post-1015","1":"product","2":"type-product","3":"status-publish","4":"has-post-thumbnail","6":"product_cat-fusils-superposes","8":"first","9":"instock","10":"sale","11":"shipping-taxable","12":"purchasable","13":"product-type-simple"},"yoast_head":"<!-- This site is optimized with the Yoast SEO plugin v24.3 - https:\/\/yoast.com\/wordpress\/plugins\/seo\/ -->\n<title>FUSIL DE CHASSE SUPERPOS\u00c9 COUNTRY SLUG - CAL. 12\/76 NEUF - Atelier de la for\u00eat de Hez<\/title>\n<meta name=\"robots\" content=\"index, follow, max-snippet:-1, max-image-preview:large, max-video-preview:-1\" \/>\n<link rel=\"canonical\" href=\"https:\/\/atelierdelaforetdehez.fr\/?product=fusil-de-chasse-superpose-country-slug-cal-12-76-neuf\" \/>\n<meta property=\"og:locale\" content=\"fr_FR\" \/>\n<meta property=\"og:type\" content=\"article\" \/>\n<meta property=\"og:title\" content=\"FUSIL DE CHASSE SUPERPOS\u00c9 COUNTRY SLUG - CAL. 12\/76 NEUF - Atelier de la for\u00eat de Hez\" \/>\n<meta property=\"og:description\" content=\"Marque\u00a0:\u00a0Country Mod\u00e8le\u00a0:\u00a0MC 268 Etat de l&#039;objet\u00a0:\u00a0Neuf Chambrage\u00a0:\u00a076 mm Longueur de canon\u00a0:\u00a051 cm Type de d\u00e9tente\u00a0:\u00a0Mono d\u00e9tente Type d&#039;\u00e9jection\u00a0:\u00a0Extracteurs Type de fusil\u00a0:\u00a0Slug Arme pour\u00a0:\u00a0Ambidextre Longueur de crosse\u00a0:\u00a0375mm Poids\u00a0:\u00a02600g Type de choke\u00a0:\u00a0Fixes Chokage ou chokes fournis\u00a0:\u00a0Lisse Epreuve bille d&#039;acier\u00a0:\u00a0Oui Garantie\u00a0:\u00a0Oui Dur\u00e9e\u00a0:\u00a05 ans\" \/>\n<meta property=\"og:url\" content=\"https:\/\/atelierdelaforetdehez.fr\/?product=fusil-de-chasse-superpose-country-slug-cal-12-76-neuf\" \/>\n<meta property=\"og:site_name\" content=\"Atelier de la for\u00eat de Hez\" \/>\n<meta property=\"article:publisher\" content=\"https:\/\/www.facebook.com\/profile.php?id=100057486488270\" \/>\n<meta property=\"article:modified_time\" content=\"2025-01-21T21:56:12+00:00\" \/>\n<meta property=\"og:image\" content=\"https:\/\/atelierdelaforetdehez.fr\/wp-content\/uploads\/2025\/01\/474430010_1173445030869207_4326681559851821331_n-rotated.jpg\" \/>\n\t<meta property=\"og:image:width\" content=\"2000\" \/>\n\t<meta property=\"og:image:height\" content=\"922\" \/>\n\t<meta property=\"og:image:type\" content=\"image\/jpeg\" \/>\n<meta name=\"twitter:card\" content=\"summary_large_image\" \/>\n<meta name=\"twitter:label1\" content=\"Dur\u00e9e de lecture estim\u00e9e\" \/>\n\t<meta name=\"twitter:data1\" content=\"1 minute\" \/>\n<script type=\"application\/ld+json\" class=\"yoast-schema-graph\">{\"@context\":\"https:\/\/schema.org\",\"@graph\":[{\"@type\":\"WebPage\",\"@id\":\"https:\/\/atelierdelaforetdehez.fr\/?product=fusil-de-chasse-superpose-country-slug-cal-12-76-neuf\",\"url\":\"https:\/\/atelierdelaforetdehez.fr\/?product=fusil-de-chasse-superpose-country-slug-cal-12-76-neuf\",\"name\":\"FUSIL DE CHASSE SUPERPOS\u00c9 COUNTRY SLUG - CAL. 12\/76 NEUF - Atelier de la for\u00eat de Hez\",\"isPartOf\":{\"@id\":\"https:\/\/atelierdelaforetdehez.fr\/#website\"},\"primaryImageOfPage\":{\"@id\":\"https:\/\/atelierdelaforetdehez.fr\/?product=fusil-de-chasse-superpose-country-slug-cal-12-76-neuf#primaryimage\"},\"image\":{\"@id\":\"https:\/\/atelierdelaforetdehez.fr\/?product=fusil-de-chasse-superpose-country-slug-cal-12-76-neuf#primaryimage\"},\"thumbnailUrl\":\"https:\/\/atelierdelaforetdehez.fr\/wp-content\/uploads\/2025\/01\/474430010_1173445030869207_4326681559851821331_n-rotated.jpg\",\"datePublished\":\"2025-01-21T21:42:47+00:00\",\"dateModified\":\"2025-01-21T21:56:12+00:00\",\"breadcrumb\":{\"@id\":\"https:\/\/atelierdelaforetdehez.fr\/?product=fusil-de-chasse-superpose-country-slug-cal-12-76-neuf#breadcrumb\"},\"inLanguage\":\"fr-FR\",\"potentialAction\":[{\"@type\":\"ReadAction\",\"target\":[\"https:\/\/atelierdelaforetdehez.fr\/?product=fusil-de-chasse-superpose-country-slug-cal-12-76-neuf\"]}]},{\"@type\":\"ImageObject\",\"inLanguage\":\"fr-FR\",\"@id\":\"https:\/\/atelierdelaforetdehez.fr\/?product=fusil-de-chasse-superpose-country-slug-cal-12-76-neuf#primaryimage\",\"url\":\"https:\/\/atelierdelaforetdehez.fr\/wp-content\/uploads\/2025\/01\/474430010_1173445030869207_4326681559851821331_n-rotated.jpg\",\"contentUrl\":\"https:\/\/atelierdelaforetdehez.fr\/wp-content\/uploads\/2025\/01\/474430010_1173445030869207_4326681559851821331_n-rotated.jpg\",\"width\":2000,\"height\":922},{\"@type\":\"BreadcrumbList\",\"@id\":\"https:\/\/atelierdelaforetdehez.fr\/?product=fusil-de-chasse-superpose-country-slug-cal-12-76-neuf#breadcrumb\",\"itemListElement\":[{\"@type\":\"ListItem\",\"position\":1,\"name\":\"Accueil\",\"item\":\"https:\/\/atelierdelaforetdehez.fr\/\"},{\"@type\":\"ListItem\",\"position\":2,\"name\":\"Produits\",\"item\":\"https:\/\/atelierdelaforetdehez.fr\/?post_type=product\"},{\"@type\":\"ListItem\",\"position\":3,\"name\":\"FUSIL DE CHASSE SUPERPOS\u00c9 COUNTRY SLUG &#8211; CAL. 12\/76 NEUF\"}]},{\"@type\":\"WebSite\",\"@id\":\"https:\/\/atelierdelaforetdehez.fr\/#website\",\"url\":\"https:\/\/atelierdelaforetdehez.fr\/\",\"name\":\"Atelier de la for\u00eat de Hez\",\"description\":\"Armurerie dans l&#039;Oise\",\"publisher\":{\"@id\":\"https:\/\/atelierdelaforetdehez.fr\/#organization\"},\"potentialAction\":[{\"@type\":\"SearchAction\",\"target\":{\"@type\":\"EntryPoint\",\"urlTemplate\":\"https:\/\/atelierdelaforetdehez.fr\/?s={search_term_string}\"},\"query-input\":{\"@type\":\"PropertyValueSpecification\",\"valueRequired\":true,\"valueName\":\"search_term_string\"}}],\"inLanguage\":\"fr-FR\"},{\"@type\":\"Organization\",\"@id\":\"https:\/\/atelierdelaforetdehez.fr\/#organization\",\"name\":\"Atelier de la For\u00eat de Hez\",\"url\":\"https:\/\/atelierdelaforetdehez.fr\/\",\"logo\":{\"@type\":\"ImageObject\",\"inLanguage\":\"fr-FR\",\"@id\":\"https:\/\/atelierdelaforetdehez.fr\/#\/schema\/logo\/image\/\",\"url\":\"https:\/\/atelierdelaforetdehez.fr\/wp-content\/uploads\/2022\/06\/Capture-e1654441375318.png\",\"contentUrl\":\"https:\/\/atelierdelaforetdehez.fr\/wp-content\/uploads\/2022\/06\/Capture-e1654441375318.png\",\"width\":586,\"height\":588,\"caption\":\"Atelier de la For\u00eat de Hez\"},\"image\":{\"@id\":\"https:\/\/atelierdelaforetdehez.fr\/#\/schema\/logo\/image\/\"},\"sameAs\":[\"https:\/\/www.facebook.com\/profile.php?id=100057486488270\"]}]}<\/script>\n<!-- \/ Yoast SEO plugin. -->","yoast_head_json":{"title":"FUSIL DE CHASSE SUPERPOS\u00c9 COUNTRY SLUG - CAL. 12\/76 NEUF - Atelier de la for\u00eat de Hez","robots":{"index":"index","follow":"follow","max-snippet":"max-snippet:-1","max-image-preview":"max-image-preview:large","max-video-preview":"max-video-preview:-1"},"canonical":"https:\/\/atelierdelaforetdehez.fr\/?product=fusil-de-chasse-superpose-country-slug-cal-12-76-neuf","og_locale":"fr_FR","og_type":"article","og_title":"FUSIL DE CHASSE SUPERPOS\u00c9 COUNTRY SLUG - CAL. 12\/76 NEUF - Atelier de la for\u00eat de Hez","og_description":"Marque\u00a0:\u00a0Country Mod\u00e8le\u00a0:\u00a0MC 268 Etat de l'objet\u00a0:\u00a0Neuf Chambrage\u00a0:\u00a076 mm Longueur de canon\u00a0:\u00a051 cm Type de d\u00e9tente\u00a0:\u00a0Mono d\u00e9tente Type d'\u00e9jection\u00a0:\u00a0Extracteurs Type de fusil\u00a0:\u00a0Slug Arme pour\u00a0:\u00a0Ambidextre Longueur de crosse\u00a0:\u00a0375mm Poids\u00a0:\u00a02600g Type de choke\u00a0:\u00a0Fixes Chokage ou chokes fournis\u00a0:\u00a0Lisse Epreuve bille d'acier\u00a0:\u00a0Oui Garantie\u00a0:\u00a0Oui Dur\u00e9e\u00a0:\u00a05 ans","og_url":"https:\/\/atelierdelaforetdehez.fr\/?product=fusil-de-chasse-superpose-country-slug-cal-12-76-neuf","og_site_name":"Atelier de la for\u00eat de Hez","article_publisher":"https:\/\/www.facebook.com\/profile.php?id=100057486488270","article_modified_time":"2025-01-21T21:56:12+00:00","og_image":[{"width":2000,"height":922,"url":"https:\/\/atelierdelaforetdehez.fr\/wp-content\/uploads\/2025\/01\/474430010_1173445030869207_4326681559851821331_n-rotated.jpg","type":"image\/jpeg"}],"twitter_card":"summary_large_image","twitter_misc":{"Dur\u00e9e de lecture estim\u00e9e":"1 minute"},"schema":{"@context":"https:\/\/schema.org","@graph":[{"@type":"WebPage","@id":"https:\/\/atelierdelaforetdehez.fr\/?product=fusil-de-chasse-superpose-country-slug-cal-12-76-neuf","url":"https:\/\/atelierdelaforetdehez.fr\/?product=fusil-de-chasse-superpose-country-slug-cal-12-76-neuf","name":"FUSIL DE CHASSE SUPERPOS\u00c9 COUNTRY SLUG - CAL. 12\/76 NEUF - Atelier de la for\u00eat de Hez","isPartOf":{"@id":"https:\/\/atelierdelaforetdehez.fr\/#website"},"primaryImageOfPage":{"@id":"https:\/\/atelierdelaforetdehez.fr\/?product=fusil-de-chasse-superpose-country-slug-cal-12-76-neuf#primaryimage"},"image":{"@id":"https:\/\/atelierdelaforetdehez.fr\/?product=fusil-de-chasse-superpose-country-slug-cal-12-76-neuf#primaryimage"},"thumbnailUrl":"https:\/\/atelierdelaforetdehez.fr\/wp-content\/uploads\/2025\/01\/474430010_1173445030869207_4326681559851821331_n-rotated.jpg","datePublished":"2025-01-21T21:42:47+00:00","dateModified":"2025-01-21T21:56:12+00:00","breadcrumb":{"@id":"https:\/\/atelierdelaforetdehez.fr\/?product=fusil-de-chasse-superpose-country-slug-cal-12-76-neuf#breadcrumb"},"inLanguage":"fr-FR","potentialAction":[{"@type":"ReadAction","target":["https:\/\/atelierdelaforetdehez.fr\/?product=fusil-de-chasse-superpose-country-slug-cal-12-76-neuf"]}]},{"@type":"ImageObject","inLanguage":"fr-FR","@id":"https:\/\/atelierdelaforetdehez.fr\/?product=fusil-de-chasse-superpose-country-slug-cal-12-76-neuf#primaryimage","url":"https:\/\/atelierdelaforetdehez.fr\/wp-content\/uploads\/2025\/01\/474430010_1173445030869207_4326681559851821331_n-rotated.jpg","contentUrl":"https:\/\/atelierdelaforetdehez.fr\/wp-content\/uploads\/2025\/01\/474430010_1173445030869207_4326681559851821331_n-rotated.jpg","width":2000,"height":922},{"@type":"BreadcrumbList","@id":"https:\/\/atelierdelaforetdehez.fr\/?product=fusil-de-chasse-superpose-country-slug-cal-12-76-neuf#breadcrumb","itemListElement":[{"@type":"ListItem","position":1,"name":"Accueil","item":"https:\/\/atelierdelaforetdehez.fr\/"},{"@type":"ListItem","position":2,"name":"Produits","item":"https:\/\/atelierdelaforetdehez.fr\/?post_type=product"},{"@type":"ListItem","position":3,"name":"FUSIL DE CHASSE SUPERPOS\u00c9 COUNTRY SLUG &#8211; CAL. 12\/76 NEUF"}]},{"@type":"WebSite","@id":"https:\/\/atelierdelaforetdehez.fr\/#website","url":"https:\/\/atelierdelaforetdehez.fr\/","name":"Atelier de la for\u00eat de Hez","description":"Armurerie dans l&#039;Oise","publisher":{"@id":"https:\/\/atelierdelaforetdehez.fr\/#organization"},"potentialAction":[{"@type":"SearchAction","target":{"@type":"EntryPoint","urlTemplate":"https:\/\/atelierdelaforetdehez.fr\/?s={search_term_string}"},"query-input":{"@type":"PropertyValueSpecification","valueRequired":true,"valueName":"search_term_string"}}],"inLanguage":"fr-FR"},{"@type":"Organization","@id":"https:\/\/atelierdelaforetdehez.fr\/#organization","name":"Atelier de la For\u00eat de Hez","url":"https:\/\/atelierdelaforetdehez.fr\/","logo":{"@type":"ImageObject","inLanguage":"fr-FR","@id":"https:\/\/atelierdelaforetdehez.fr\/#\/schema\/logo\/image\/","url":"https:\/\/atelierdelaforetdehez.fr\/wp-content\/uploads\/2022\/06\/Capture-e1654441375318.png","contentUrl":"https:\/\/atelierdelaforetdehez.fr\/wp-content\/uploads\/2022\/06\/Capture-e1654441375318.png","width":586,"height":588,"caption":"Atelier de la For\u00eat de Hez"},"image":{"@id":"https:\/\/atelierdelaforetdehez.fr\/#\/schema\/logo\/image\/"},"sameAs":["https:\/\/www.facebook.com\/profile.php?id=100057486488270"]}]}},"jetpack_sharing_enabled":true,"_links":{"self":[{"href":"https:\/\/atelierdelaforetdehez.fr\/index.php?rest_route=\/wp\/v2\/product\/1015","targetHints":{"allow":["GET"]}}],"collection":[{"href":"https:\/\/atelierdelaforetdehez.fr\/index.php?rest_route=\/wp\/v2\/product"}],"about":[{"href":"https:\/\/atelierdelaforetdehez.fr\/index.php?rest_route=\/wp\/v2\/types\/product"}],"version-history":[{"count":1,"href":"https:\/\/atelierdelaforetdehez.fr\/index.php?rest_route=\/wp\/v2\/product\/1015\/revisions"}],"predecessor-version":[{"id":1028,"href":"https:\/\/atelierdelaforetdehez.fr\/index.php?rest_route=\/wp\/v2\/product\/1015\/revisions\/1028"}],"wp:featuredmedia":[{"embeddable":true,"href":"https:\/\/atelierdelaforetdehez.fr\/index.php?rest_route=\/wp\/v2\/media\/1023"}],"wp:attachment":[{"href":"https:\/\/atelierdelaforetdehez.fr\/index.php?rest_route=%2Fwp%2Fv2%2Fmedia&parent=1015"}],"wp:term":[{"taxonomy":"product_cat","embeddable":true,"href":"https:\/\/atelierdelaforetdehez.fr\/index.php?rest_route=%2Fwp%2Fv2%2Fproduct_cat&post=1015"},{"taxonomy":"product_tag","embeddable":true,"href":"https:\/\/atelierdelaforetdehez.fr\/index.php?rest_route=%2Fwp%2Fv2%2Fproduct_tag&post=1015"}],"curies":[{"name":"wp","href":"https:\/\/api.w.org\/{rel}","templated":true}]}}