{"id":290,"date":"2022-03-20T20:11:00","date_gmt":"2022-03-20T19:11:00","guid":{"rendered":"http:\/\/atelierdelaforetdehez.fr\/?page_id=290"},"modified":"2025-01-21T22:00:11","modified_gmt":"2025-01-21T21:00:11","slug":"accueil-boutique","status":"publish","type":"page","link":"https:\/\/atelierdelaforetdehez.fr\/?page_id=290","title":{"rendered":""},"content":{"rendered":"<div class=\"vce-row-container\" data-vce-boxed-width=\"true\"><div class=\"vce-row vce-row--col-gap-30 vce-row-equal-height vce-row-content--top\" id=\"el-175f47aa\" data-vce-do-apply=\"all el-175f47aa\"><div class=\"vce-row-content\" data-vce-element-content=\"true\"><div class=\"vce-col vce-col--md-auto vce-col--xs-1 vce-col--xs-last vce-col--xs-first vce-col--sm-last vce-col--sm-first vce-col--md-last vce-col--lg-last vce-col--xl-last vce-col--md-first vce-col--lg-first vce-col--xl-first\" id=\"el-49fe370f\"><div class=\"vce-col-inner\" data-vce-do-apply=\"border margin background  el-49fe370f\"><div class=\"vce-col-content\" data-vce-element-content=\"true\" data-vce-do-apply=\"padding el-49fe370f\"><div class=\"vce-single-image-container vce-single-image--align-center\"><div class=\"vce vce-single-image-wrapper\" id=\"el-30a9e5ba\" data-vce-do-apply=\"all el-30a9e5ba\"><figure><div class=\"vce-single-image-figure-inner\" style=\"width: 1024px;\"><div class=\"vce-single-image-inner vce-single-image--absolute\" style=\"width: 100%; padding-bottom: 46.0938%;\"><img loading=\"lazy\" decoding=\"async\" class=\"vce-single-image\"  width=\"1024\" height=\"472\" srcset=\"https:\/\/atelierdelaforetdehez.fr\/wp-content\/uploads\/2025\/01\/Boutique-320x148.jpg 320w,https:\/\/atelierdelaforetdehez.fr\/wp-content\/uploads\/2025\/01\/Boutique-480x221.jpg 480w,https:\/\/atelierdelaforetdehez.fr\/wp-content\/uploads\/2025\/01\/Boutique-800x369.jpg 800w,https:\/\/atelierdelaforetdehez.fr\/wp-content\/uploads\/2025\/01\/Boutique-1024x472.jpg 1024w\" src=\"https:\/\/atelierdelaforetdehez.fr\/wp-content\/uploads\/2025\/01\/Boutique-1024x472.jpg\" data-img-src=\"https:\/\/atelierdelaforetdehez.fr\/wp-content\/uploads\/2025\/01\/Boutique.jpg\" alt=\"\" title=\"Boutique\" \/><\/div><\/div><figcaption hidden=\"\"><\/figcaption><\/figure><\/div><\/div><\/div><\/div><\/div><\/div><\/div><\/div><div class=\"vce-row-container\" data-vce-boxed-width=\"true\"><div class=\"vce-row vce-row--col-gap-30 vce-row-equal-height vce-row-content--top\" id=\"el-d6322162\" data-vce-do-apply=\"all el-d6322162\"><div class=\"vce-row-content\" data-vce-element-content=\"true\"><div class=\"vce-col vce-col--md-auto vce-col--xs-1 vce-col--xs-last vce-col--xs-first vce-col--sm-last vce-col--sm-first vce-col--md-last vce-col--lg-last vce-col--xl-last vce-col--md-first vce-col--lg-first vce-col--xl-first\" id=\"el-8fd1b503\"><div class=\"vce-col-inner\" data-vce-do-apply=\"border margin background  el-8fd1b503\"><div class=\"vce-col-content\" data-vce-element-content=\"true\" data-vce-do-apply=\"padding el-8fd1b503\"><div class=\"vce-text-block\"><div class=\"vce-text-block-wrapper vce\" id=\"el-06e9f804\" data-vce-do-apply=\"all el-06e9f804\"><p style=\"text-align: center;\"><span style=\"font-family: 'Libre Baskerville'; font-weight: 400; font-style: normal; font-size: 16pt;\">\u00c0 l'atelier de la for\u00eat de Hez, nous vous proposons une gamme compl\u00e8te d'armes, de munitions et d'accessoires, adapt\u00e9s \u00e0 tous vos besoins. Que vous soyez pratiquant r\u00e9gulier ou d\u00e9butant, nous avons ce qu'il vous faut pour am\u00e9liorer votre exp\u00e9rience. Profitez de nos produits de qualit\u00e9, soigneusement s\u00e9lectionn\u00e9s, \u00e0 des prix comp\u00e9titifs, pour r\u00e9pondre \u00e0 tous vos besoins.<\/span><\/p><\/div><\/div><\/div><\/div><\/div><\/div><\/div><\/div><div class=\"vce-row-container\" data-vce-boxed-width=\"true\"><div class=\"vce-row vce-row--col-gap-30 vce-row-equal-height vce-row-content--top\" id=\"el-810fe8c2\" data-vce-do-apply=\"all el-810fe8c2\"><div class=\"vce-row-content\" data-vce-element-content=\"true\"><div class=\"vce-col vce-col--md-auto vce-col--xs-1 vce-col--xs-last vce-col--xs-first vce-col--sm-last vce-col--sm-first vce-col--md-last vce-col--lg-last vce-col--xl-last vce-col--md-first vce-col--lg-first vce-col--xl-first\" id=\"el-ff5eb0b4\"><div class=\"vce-col-inner\" data-vce-do-apply=\"border margin background  el-ff5eb0b4\"><div class=\"vce-col-content\" data-vce-element-content=\"true\" data-vce-do-apply=\"padding el-ff5eb0b4\"><div><\/div><\/div><\/div><\/div><\/div><\/div><\/div><div class=\"vce-row-container\" data-vce-boxed-width=\"true\"><div class=\"vce-row vce-row--col-gap-30 vce-row-equal-height vce-row-content--top\" id=\"el-e5caf171\" data-vce-do-apply=\"all el-e5caf171\"><div class=\"vce-row-content\" data-vce-element-content=\"true\"><div class=\"vce-col vce-col--md-auto vce-col--xs-1 vce-col--xs-last vce-col--xs-first vce-col--sm-last vce-col--sm-first vce-col--md-first vce-col--lg-first vce-col--xl-first\" id=\"el-8eac2566\"><div class=\"vce-col-inner\" data-vce-do-apply=\"border margin background  el-8eac2566\"><div class=\"vce-col-content\" data-vce-element-content=\"true\" data-vce-do-apply=\"padding el-8eac2566\"><div class=\"vce-single-image-container vce-single-image--align-left\"><div class=\"vce vce-single-image-wrapper\" id=\"el-1a37842e\" data-vce-do-apply=\"all el-1a37842e\"><figure><div class=\"vce-single-image-figure-inner\" style=\"width: 768px;\"><a href=\"https:\/\/atelierdelaforetdehez.fr\/?product_cat=fusils\" title=\"\" class=\"vce-single-image-inner vce-single-image--absolute vce-single-image--border-round\" style=\"width: 100%; padding-bottom: 100%;\"><img loading=\"lazy\" decoding=\"async\" class=\"vce-single-image\"  width=\"768\" height=\"768\" srcset=\"https:\/\/atelierdelaforetdehez.fr\/wp-content\/uploads\/2025\/01\/363932314_298756826139767_6844997194985890731_n-rotated-320x320.jpg 320w,https:\/\/atelierdelaforetdehez.fr\/wp-content\/uploads\/2025\/01\/363932314_298756826139767_6844997194985890731_n-rotated-480x480.jpg 480w,https:\/\/atelierdelaforetdehez.fr\/wp-content\/uploads\/2025\/01\/363932314_298756826139767_6844997194985890731_n-rotated-800x800.jpg 800w,https:\/\/atelierdelaforetdehez.fr\/wp-content\/uploads\/2025\/01\/363932314_298756826139767_6844997194985890731_n-rotated-768x768.jpg 768w,https:\/\/atelierdelaforetdehez.fr\/wp-content\/uploads\/2025\/01\/363932314_298756826139767_6844997194985890731_n-rotated-1536x1536.jpg 2x\" src=\"https:\/\/atelierdelaforetdehez.fr\/wp-content\/uploads\/2025\/01\/363932314_298756826139767_6844997194985890731_n-rotated-768x768.jpg\" data-img-src=\"https:\/\/atelierdelaforetdehez.fr\/wp-content\/uploads\/2023\/08\/363932314_298756826139767_6844997194985890731_n-rotated.jpg\" alt=\"\" title=\"363932314_298756826139767_6844997194985890731_n\" \/><\/a><\/div><figcaption hidden=\"\"><\/figcaption><\/figure><\/div><\/div><div class=\"vce-text-block\"><div class=\"vce-text-block-wrapper vce\" id=\"el-b3179cc8\" data-vce-do-apply=\"all el-b3179cc8\"><p style=\"text-align: center;\"><a href=\"https:\/\/atelierdelaforetdehez.fr\/?product_cat=fusils\"><strong><span style=\"font-size: 18pt; font-family: 'Libre Baskerville';\">Armes Lisses<\/span><\/strong><\/a><\/p><\/div><\/div><\/div><\/div><\/div><div class=\"vce-col vce-col--md-auto vce-col--xs-1 vce-col--xs-last vce-col--xs-first vce-col--sm-last vce-col--sm-first\" id=\"el-2efd7631\"><div class=\"vce-col-inner\" data-vce-do-apply=\"border margin background  el-2efd7631\"><div class=\"vce-col-content\" data-vce-element-content=\"true\" data-vce-do-apply=\"padding el-2efd7631\"><div class=\"vce-single-image-container vce-single-image--align-left\"><div class=\"vce vce-single-image-wrapper\" id=\"el-5f777967\" data-vce-do-apply=\"all el-5f777967\"><figure><div class=\"vce-single-image-figure-inner\" style=\"width: 686px;\"><a href=\"https:\/\/atelierdelaforetdehez.fr\/?product_cat=carabines\" title=\"\" class=\"vce-single-image-inner vce-single-image--absolute vce-single-image--border-round\" style=\"width: 100%; padding-bottom: 100%;\"><img loading=\"lazy\" decoding=\"async\" class=\"vce-single-image\"  width=\"686\" height=\"686\" srcset=\"https:\/\/atelierdelaforetdehez.fr\/wp-content\/uploads\/2025\/01\/shooting-554240_1280-1-320x320.jpg 320w,https:\/\/atelierdelaforetdehez.fr\/wp-content\/uploads\/2025\/01\/shooting-554240_1280-1-480x480.jpg 480w,https:\/\/atelierdelaforetdehez.fr\/wp-content\/uploads\/2025\/01\/shooting-554240_1280-1-686x686.jpg 686w\" src=\"https:\/\/atelierdelaforetdehez.fr\/wp-content\/uploads\/2025\/01\/shooting-554240_1280-1-686x686.jpg\" data-img-src=\"https:\/\/atelierdelaforetdehez.fr\/wp-content\/uploads\/2024\/10\/shooting-554240_1280-1.jpg\" alt=\"\" title=\"shooting-554240_1280 (1)\" \/><\/a><\/div><figcaption hidden=\"\"><\/figcaption><\/figure><\/div><\/div><div class=\"vce-text-block\"><div class=\"vce-text-block-wrapper vce\" id=\"el-3f703e57\" data-vce-do-apply=\"all el-3f703e57\"><p style=\"text-align: center;\"><a href=\"https:\/\/atelierdelaforetdehez.fr\/?product_cat=carabines\"><span style=\"font-family: 'Libre Baskerville'; font-size: 18pt;\"><strong>Armes Ray\u00e9es<\/strong><\/span><\/a><\/p><\/div><\/div><\/div><\/div><\/div><div class=\"vce-col vce-col--md-26p vce-col--xs-1 vce-col--xs-last vce-col--xs-first vce-col--sm-last vce-col--sm-first\" id=\"el-9c17dd0e\"><div class=\"vce-col-inner\" data-vce-do-apply=\"border margin background  el-9c17dd0e\"><div class=\"vce-col-content\" data-vce-element-content=\"true\" data-vce-do-apply=\"padding el-9c17dd0e\"><div class=\"vce-single-image-container vce-single-image--align-left\"><div class=\"vce vce-single-image-wrapper\" id=\"el-f0ed7ea5\" data-vce-do-apply=\"all el-f0ed7ea5\"><figure><div class=\"vce-single-image-figure-inner\" style=\"width: 460px;\"><a href=\"https:\/\/atelierdelaforetdehez.fr\/?product_cat=munitions\" title=\"\" class=\"vce-single-image-inner vce-single-image--absolute vce-single-image--border-round\" style=\"width: 100%; padding-bottom: 100%;\"><img loading=\"lazy\" decoding=\"async\" class=\"vce-single-image\"  width=\"460\" height=\"460\" srcset=\"https:\/\/atelierdelaforetdehez.fr\/wp-content\/uploads\/2025\/01\/bullets-89083_640-320x320.jpg 320w,https:\/\/atelierdelaforetdehez.fr\/wp-content\/uploads\/2025\/01\/bullets-89083_640-460x460.jpg 460w\" src=\"https:\/\/atelierdelaforetdehez.fr\/wp-content\/uploads\/2025\/01\/bullets-89083_640-460x460.jpg\" data-img-src=\"https:\/\/atelierdelaforetdehez.fr\/wp-content\/uploads\/2024\/10\/bullets-89083_640.jpg\" alt=\"\" title=\"bullets-89083_640\" \/><\/a><\/div><figcaption hidden=\"\"><\/figcaption><\/figure><\/div><\/div><div class=\"vce-text-block\"><div class=\"vce-text-block-wrapper vce\" id=\"el-92174004\" data-vce-do-apply=\"all el-92174004\"><p style=\"text-align: center;\"><a href=\"https:\/\/atelierdelaforetdehez.fr\/?product_cat=munitions\"><span style=\"font-weight: 600; font-family: 'Libre Baskerville'; font-size: 24px; text-align: center;\">Munitions<\/span><\/a><\/p><\/div><\/div><\/div><\/div><\/div><div class=\"vce-col vce-col--md-24p vce-col--xs-1 vce-col--xs-last vce-col--xs-first vce-col--sm-last vce-col--sm-first vce-col--md-last vce-col--lg-last vce-col--xl-last\" id=\"el-333792b6\"><div class=\"vce-col-inner\" data-vce-do-apply=\"border margin background  el-333792b6\"><div class=\"vce-col-content\" data-vce-element-content=\"true\" data-vce-do-apply=\"padding el-333792b6\"><div class=\"vce-single-image-container vce-single-image--align-left\"><div class=\"vce vce-single-image-wrapper\" id=\"el-7f8ff5bc\" data-vce-do-apply=\"all el-7f8ff5bc\"><figure><div class=\"vce-single-image-figure-inner\" style=\"width: 600px;\"><a href=\"https:\/\/atelierdelaforetdehez.fr\/?product_cat=optiques\" title=\"\" class=\"vce-single-image-inner vce-single-image--absolute vce-single-image--border-round\" style=\"width: 100%; padding-bottom: 100%;\"><img loading=\"lazy\" decoding=\"async\" class=\"vce-single-image\"  width=\"600\" height=\"600\" srcset=\"https:\/\/atelierdelaforetdehez.fr\/wp-content\/uploads\/2025\/01\/pexels-photo-6090831-320x320.webp 320w,https:\/\/atelierdelaforetdehez.fr\/wp-content\/uploads\/2025\/01\/pexels-photo-6090831-480x480.webp 480w,https:\/\/atelierdelaforetdehez.fr\/wp-content\/uploads\/2025\/01\/pexels-photo-6090831-600x600.webp 600w\" src=\"https:\/\/atelierdelaforetdehez.fr\/wp-content\/uploads\/2025\/01\/pexels-photo-6090831-600x600.webp\" data-img-src=\"https:\/\/atelierdelaforetdehez.fr\/wp-content\/uploads\/2025\/01\/pexels-photo-6090831.webp\" alt=\"\" title=\"pexels-photo-6090831\" \/><\/a><\/div><figcaption hidden=\"\"><\/figcaption><\/figure><\/div><\/div><div class=\"vce-text-block\"><div class=\"vce-text-block-wrapper vce\" id=\"el-9fb49d57\" data-vce-do-apply=\"all el-9fb49d57\"><h2 style=\"text-align: center;\"><a href=\"https:\/\/atelierdelaforetdehez.fr\/?product_cat=optiques\"><span style=\"color: #615d59; font-size: 24px;\"><span style=\"font-family: Libre Baskerville;\"><strong>Optiques<\/strong><\/span><\/span><\/a><\/h2>\n<h2 style=\"text-align: center;\"><span style=\"font-size: 1.2em; color: #615d59; font-family: 'Anonymous Pro', monospace;\">&nbsp;<\/span><\/h2><\/div><\/div><\/div><\/div><\/div><\/div><\/div><\/div><div class=\"vce-row-container\" data-vce-boxed-width=\"true\"><div class=\"vce-row vce-row--col-gap-30 vce-row-equal-height vce-row-content--top\" id=\"el-7fc9da81\" data-vce-do-apply=\"all el-7fc9da81\"><div class=\"vce-row-content\" data-vce-element-content=\"true\"><div class=\"vce-col vce-col--md-auto vce-col--xs-1 vce-col--xs-last vce-col--xs-first vce-col--sm-last vce-col--sm-first vce-col--md-last vce-col--lg-last vce-col--xl-last vce-col--md-first vce-col--lg-first vce-col--xl-first\" id=\"el-4197c2ee\"><div class=\"vce-col-inner\" data-vce-do-apply=\"border margin background  el-4197c2ee\"><div class=\"vce-col-content\" data-vce-element-content=\"true\" data-vce-do-apply=\"padding el-4197c2ee\"><div class=\"vce-text-block\"><div class=\"vce-text-block-wrapper vce\" id=\"el-c4eb3170\" data-vce-do-apply=\"all el-c4eb3170\"><p style=\"text-align: center;\"><span style=\"font-family: 'Libre Baskerville'; font-size: 16pt;\">N'h\u00e9sitez pas \u00e0 nous contacter au 06.48.05.91.02 ou afh60510@gmail.com pour toute demande de conseil ou r\u00e9paration.&nbsp;<\/span><\/p><\/div><\/div><\/div><\/div><\/div><\/div><\/div><\/div>","protected":false},"excerpt":{"rendered":"<p>\u00c0 l&#8217;atelier de la for\u00eat de Hez, nous vous proposons une gamme compl\u00e8te d&#8217;armes, de munitions et d&#8217;accessoires, adapt\u00e9s \u00e0 tous vos besoins. Que vous soyez pratiquant r\u00e9gulier ou d\u00e9butant, nous avons ce qu&#8217;il vous faut pour am\u00e9liorer votre exp\u00e9rience. Profitez de nos produits de qualit\u00e9, soigneusement s\u00e9lectionn\u00e9s, \u00e0 des prix comp\u00e9titifs, pour r\u00e9pondre \u00e0 [&hellip;]<\/p>\n","protected":false},"author":2,"featured_media":0,"parent":0,"menu_order":0,"comment_status":"closed","ping_status":"closed","template":"","meta":{"footnotes":""},"class_list":["post-290","page","type-page","status-publish","hentry"],"yoast_head":"<!-- This site is optimized with the Yoast SEO plugin v24.3 - https:\/\/yoast.com\/wordpress\/plugins\/seo\/ -->\n<title>Accueil Boutique - Atelier de la for\u00eat de Hez<\/title>\n<meta name=\"robots\" content=\"index, follow, max-snippet:-1, max-image-preview:large, max-video-preview:-1\" \/>\n<link rel=\"canonical\" href=\"https:\/\/atelierdelaforetdehez.fr\/?page_id=290\" \/>\n<meta property=\"og:locale\" content=\"fr_FR\" \/>\n<meta property=\"og:type\" content=\"article\" \/>\n<meta property=\"og:title\" content=\"Accueil Boutique - Atelier de la for\u00eat de Hez\" \/>\n<meta property=\"og:description\" content=\"\u00c0 l&#039;atelier de la for\u00eat de Hez, nous vous proposons une gamme compl\u00e8te d&#039;armes, de munitions et d&#039;accessoires, adapt\u00e9s \u00e0 tous vos besoins. Que vous soyez pratiquant r\u00e9gulier ou d\u00e9butant, nous avons ce qu&#039;il vous faut pour am\u00e9liorer votre exp\u00e9rience. Profitez de nos produits de qualit\u00e9, soigneusement s\u00e9lectionn\u00e9s, \u00e0 des prix comp\u00e9titifs, pour r\u00e9pondre \u00e0 [&hellip;]\" \/>\n<meta property=\"og:url\" content=\"https:\/\/atelierdelaforetdehez.fr\/?page_id=290\" \/>\n<meta property=\"og:site_name\" content=\"Atelier de la for\u00eat de Hez\" \/>\n<meta property=\"article:publisher\" content=\"https:\/\/www.facebook.com\/profile.php?id=100057486488270\" \/>\n<meta property=\"article:modified_time\" content=\"2025-01-21T21:00:11+00:00\" \/>\n<meta name=\"twitter:card\" content=\"summary_large_image\" \/>\n<script type=\"application\/ld+json\" class=\"yoast-schema-graph\">{\"@context\":\"https:\/\/schema.org\",\"@graph\":[{\"@type\":\"WebPage\",\"@id\":\"https:\/\/atelierdelaforetdehez.fr\/?page_id=290\",\"url\":\"https:\/\/atelierdelaforetdehez.fr\/?page_id=290\",\"name\":\"Accueil Boutique - Atelier de la for\u00eat de Hez\",\"isPartOf\":{\"@id\":\"https:\/\/atelierdelaforetdehez.fr\/#website\"},\"datePublished\":\"2022-03-20T19:11:00+00:00\",\"dateModified\":\"2025-01-21T21:00:11+00:00\",\"breadcrumb\":{\"@id\":\"https:\/\/atelierdelaforetdehez.fr\/?page_id=290#breadcrumb\"},\"inLanguage\":\"fr-FR\",\"potentialAction\":[{\"@type\":\"ReadAction\",\"target\":[\"https:\/\/atelierdelaforetdehez.fr\/?page_id=290\"]}]},{\"@type\":\"BreadcrumbList\",\"@id\":\"https:\/\/atelierdelaforetdehez.fr\/?page_id=290#breadcrumb\",\"itemListElement\":[{\"@type\":\"ListItem\",\"position\":1,\"name\":\"Accueil\",\"item\":\"https:\/\/atelierdelaforetdehez.fr\/\"},{\"@type\":\"ListItem\",\"position\":2,\"name\":\"Accueil Boutique\"}]},{\"@type\":\"WebSite\",\"@id\":\"https:\/\/atelierdelaforetdehez.fr\/#website\",\"url\":\"https:\/\/atelierdelaforetdehez.fr\/\",\"name\":\"Atelier de la for\u00eat de Hez\",\"description\":\"Armurerie dans l&#039;Oise\",\"publisher\":{\"@id\":\"https:\/\/atelierdelaforetdehez.fr\/#organization\"},\"potentialAction\":[{\"@type\":\"SearchAction\",\"target\":{\"@type\":\"EntryPoint\",\"urlTemplate\":\"https:\/\/atelierdelaforetdehez.fr\/?s={search_term_string}\"},\"query-input\":{\"@type\":\"PropertyValueSpecification\",\"valueRequired\":true,\"valueName\":\"search_term_string\"}}],\"inLanguage\":\"fr-FR\"},{\"@type\":\"Organization\",\"@id\":\"https:\/\/atelierdelaforetdehez.fr\/#organization\",\"name\":\"Atelier de la For\u00eat de Hez\",\"url\":\"https:\/\/atelierdelaforetdehez.fr\/\",\"logo\":{\"@type\":\"ImageObject\",\"inLanguage\":\"fr-FR\",\"@id\":\"https:\/\/atelierdelaforetdehez.fr\/#\/schema\/logo\/image\/\",\"url\":\"https:\/\/atelierdelaforetdehez.fr\/wp-content\/uploads\/2022\/06\/Capture-e1654441375318.png\",\"contentUrl\":\"https:\/\/atelierdelaforetdehez.fr\/wp-content\/uploads\/2022\/06\/Capture-e1654441375318.png\",\"width\":586,\"height\":588,\"caption\":\"Atelier de la For\u00eat de Hez\"},\"image\":{\"@id\":\"https:\/\/atelierdelaforetdehez.fr\/#\/schema\/logo\/image\/\"},\"sameAs\":[\"https:\/\/www.facebook.com\/profile.php?id=100057486488270\"]}]}<\/script>\n<!-- \/ Yoast SEO plugin. -->","yoast_head_json":{"title":"Accueil Boutique - Atelier de la for\u00eat de Hez","robots":{"index":"index","follow":"follow","max-snippet":"max-snippet:-1","max-image-preview":"max-image-preview:large","max-video-preview":"max-video-preview:-1"},"canonical":"https:\/\/atelierdelaforetdehez.fr\/?page_id=290","og_locale":"fr_FR","og_type":"article","og_title":"Accueil Boutique - Atelier de la for\u00eat de Hez","og_description":"\u00c0 l'atelier de la for\u00eat de Hez, nous vous proposons une gamme compl\u00e8te d'armes, de munitions et d'accessoires, adapt\u00e9s \u00e0 tous vos besoins. Que vous soyez pratiquant r\u00e9gulier ou d\u00e9butant, nous avons ce qu'il vous faut pour am\u00e9liorer votre exp\u00e9rience. Profitez de nos produits de qualit\u00e9, soigneusement s\u00e9lectionn\u00e9s, \u00e0 des prix comp\u00e9titifs, pour r\u00e9pondre \u00e0 [&hellip;]","og_url":"https:\/\/atelierdelaforetdehez.fr\/?page_id=290","og_site_name":"Atelier de la for\u00eat de Hez","article_publisher":"https:\/\/www.facebook.com\/profile.php?id=100057486488270","article_modified_time":"2025-01-21T21:00:11+00:00","twitter_card":"summary_large_image","schema":{"@context":"https:\/\/schema.org","@graph":[{"@type":"WebPage","@id":"https:\/\/atelierdelaforetdehez.fr\/?page_id=290","url":"https:\/\/atelierdelaforetdehez.fr\/?page_id=290","name":"Accueil Boutique - Atelier de la for\u00eat de Hez","isPartOf":{"@id":"https:\/\/atelierdelaforetdehez.fr\/#website"},"datePublished":"2022-03-20T19:11:00+00:00","dateModified":"2025-01-21T21:00:11+00:00","breadcrumb":{"@id":"https:\/\/atelierdelaforetdehez.fr\/?page_id=290#breadcrumb"},"inLanguage":"fr-FR","potentialAction":[{"@type":"ReadAction","target":["https:\/\/atelierdelaforetdehez.fr\/?page_id=290"]}]},{"@type":"BreadcrumbList","@id":"https:\/\/atelierdelaforetdehez.fr\/?page_id=290#breadcrumb","itemListElement":[{"@type":"ListItem","position":1,"name":"Accueil","item":"https:\/\/atelierdelaforetdehez.fr\/"},{"@type":"ListItem","position":2,"name":"Accueil Boutique"}]},{"@type":"WebSite","@id":"https:\/\/atelierdelaforetdehez.fr\/#website","url":"https:\/\/atelierdelaforetdehez.fr\/","name":"Atelier de la for\u00eat de Hez","description":"Armurerie dans l&#039;Oise","publisher":{"@id":"https:\/\/atelierdelaforetdehez.fr\/#organization"},"potentialAction":[{"@type":"SearchAction","target":{"@type":"EntryPoint","urlTemplate":"https:\/\/atelierdelaforetdehez.fr\/?s={search_term_string}"},"query-input":{"@type":"PropertyValueSpecification","valueRequired":true,"valueName":"search_term_string"}}],"inLanguage":"fr-FR"},{"@type":"Organization","@id":"https:\/\/atelierdelaforetdehez.fr\/#organization","name":"Atelier de la For\u00eat de Hez","url":"https:\/\/atelierdelaforetdehez.fr\/","logo":{"@type":"ImageObject","inLanguage":"fr-FR","@id":"https:\/\/atelierdelaforetdehez.fr\/#\/schema\/logo\/image\/","url":"https:\/\/atelierdelaforetdehez.fr\/wp-content\/uploads\/2022\/06\/Capture-e1654441375318.png","contentUrl":"https:\/\/atelierdelaforetdehez.fr\/wp-content\/uploads\/2022\/06\/Capture-e1654441375318.png","width":586,"height":588,"caption":"Atelier de la For\u00eat de Hez"},"image":{"@id":"https:\/\/atelierdelaforetdehez.fr\/#\/schema\/logo\/image\/"},"sameAs":["https:\/\/www.facebook.com\/profile.php?id=100057486488270"]}]}},"jetpack_sharing_enabled":true,"_links":{"self":[{"href":"https:\/\/atelierdelaforetdehez.fr\/index.php?rest_route=\/wp\/v2\/pages\/290","targetHints":{"allow":["GET"]}}],"collection":[{"href":"https:\/\/atelierdelaforetdehez.fr\/index.php?rest_route=\/wp\/v2\/pages"}],"about":[{"href":"https:\/\/atelierdelaforetdehez.fr\/index.php?rest_route=\/wp\/v2\/types\/page"}],"author":[{"embeddable":true,"href":"https:\/\/atelierdelaforetdehez.fr\/index.php?rest_route=\/wp\/v2\/users\/2"}],"replies":[{"embeddable":true,"href":"https:\/\/atelierdelaforetdehez.fr\/index.php?rest_route=%2Fwp%2Fv2%2Fcomments&post=290"}],"version-history":[{"count":19,"href":"https:\/\/atelierdelaforetdehez.fr\/index.php?rest_route=\/wp\/v2\/pages\/290\/revisions"}],"predecessor-version":[{"id":999,"href":"https:\/\/atelierdelaforetdehez.fr\/index.php?rest_route=\/wp\/v2\/pages\/290\/revisions\/999"}],"wp:attachment":[{"href":"https:\/\/atelierdelaforetdehez.fr\/index.php?rest_route=%2Fwp%2Fv2%2Fmedia&parent=290"}],"curies":[{"name":"wp","href":"https:\/\/api.w.org\/{rel}","templated":true}]}}