{"id":118,"date":"2022-01-07T10:40:18","date_gmt":"2022-01-07T09:40:18","guid":{"rendered":"http:\/\/atelierdelaforetdehez.fr\/?page_id=118"},"modified":"2022-06-05T16:41:11","modified_gmt":"2022-06-05T14:41:11","slug":"brouillon-auto-2","status":"publish","type":"page","link":"https:\/\/atelierdelaforetdehez.fr\/?page_id=118","title":{"rendered":"Contact"},"content":{"rendered":"<div class=\"vce-row-container\" data-vce-boxed-width=\"true\"><div class=\"vce-row vce-row--col-gap-30 vce-row-equal-height vce-row-content--top\" id=\"el-f53eb3f5\" data-vce-do-apply=\"all el-f53eb3f5\"><div class=\"vce-row-content\" data-vce-element-content=\"true\"><div class=\"vce-col vce-col--md-auto vce-col--xs-1 vce-col--xs-last vce-col--xs-first vce-col--sm-last vce-col--sm-first vce-col--md-last vce-col--lg-last vce-col--xl-last vce-col--md-first vce-col--lg-first vce-col--xl-first\" id=\"el-f78a4f50\"><div class=\"vce-col-inner\" data-vce-do-apply=\"border margin background  el-f78a4f50\"><div class=\"vce-content-background-container\"><\/div><div class=\"vce-col-content\" data-vce-element-content=\"true\" data-vce-do-apply=\"padding el-f78a4f50\"><div class=\"vce-text-block\"><div class=\"vce-text-block-wrapper vce\" id=\"el-232b5b8e\" data-vce-do-apply=\"all el-232b5b8e\"><h2 style=\"text-align: center;\"><span style=\"font-family: 'Libre Baskerville';\">Uniquement sur Rendez-vous<\/span><\/h2><p style=\"text-align: center;\"><span style=\"font-family: 'Libre Baskerville';\">\ud83d\udce7 Mail : afh<span style=\"font-size: 12pt;\">60510<\/span>@gmail.com<\/span><\/p><p style=\"text-align: center;\"><span style=\"font-family: 'Libre Baskerville';\">\ud83d\udcde T\u00e9l\u00e9phones : <br>06 48 05 91 02<br>09 51 02 96 00<\/span><\/p><\/div><\/div><div class=\"vce vce-separator-container vce-separator--align-center vce-separator--style-solid\" id=\"el-608f768f\" data-vce-do-apply=\"margin el-608f768f\"><div class=\"vce-separator vce-separator--color-bfc0c1 vce-separator--width-60 vce-separator--thickness-1\" data-vce-do-apply=\"border padding background  el-608f768f\"><\/div><\/div><div class=\"vce-google-maps vce-google-maps--align-center\"><div class=\"vce-google-maps-wrapper vce vce-google-maps-proportional\" id=\"el-53b9dc98\" data-vce-do-apply=\"all el-53b9dc98\" style=\"width: 600px; height: auto;\"><div class=\"vce-google-maps-inner\" style=\"padding-bottom: 75%;\"><iframe src=\"https:\/\/www.google.com\/maps\/embed?pb=!1m18!1m12!1m3!1d83108.17451516297!2d2.2585310777492773!3d49.387524246043405!2m3!1f0!2f0!3f0!3m2!1i1024!2i768!4f13.1!3m3!1m2!1s0x47e7b272c1daa945%3A0x94443c190312c76a!2s60510%20La%20Neuville-en-Hez!5e0!3m2!1sfr!2sfr!4v1647800944546!5m2!1sfr!2sfr\" width=\"600\" height=\"450\" style=\"border: 0px; pointer-events: none;\" allowfullscreen=\"\" loading=\"lazy\"><\/iframe><\/div><\/div><\/div><div class=\"vce vce-separator-container vce-separator--align-center vce-separator--style-solid\" id=\"el-66c283bf\" data-vce-do-apply=\"margin el-66c283bf\"><div class=\"vce-separator vce-separator--color-bfc0c1 vce-separator--width-60 vce-separator--thickness-1\" data-vce-do-apply=\"border padding background  el-66c283bf\"><\/div><\/div><\/div><\/div><\/div><\/div><\/div><\/div><div class=\"vce-row-container\" data-vce-boxed-width=\"true\"><div class=\"vce-row vce-row--col-gap-22 vce-row-equal-height vce-row-content--top\" id=\"el-9ccc3626\" data-vce-do-apply=\"all el-9ccc3626\"><div class=\"vce-row-content\" data-vce-element-content=\"true\"><div class=\"vce-col vce-col--md-auto vce-col--xs-1 vce-col--xs-last vce-col--xs-first vce-col--sm-last vce-col--sm-first vce-col--md-last vce-col--lg-last vce-col--xl-last vce-col--md-first vce-col--lg-first vce-col--xl-first\" id=\"el-f0aa8c23\"><div class=\"vce-col-inner\" data-vce-do-apply=\"border margin background  el-f0aa8c23\"><div class=\"vce-col-content\" data-vce-element-content=\"true\" data-vce-do-apply=\"padding el-f0aa8c23\"><div class=\"vce-text-block\"><div class=\"vce-text-block-wrapper vce\" id=\"el-d2a2776e\" data-vce-do-apply=\"all el-d2a2776e\"><p style=\"text-align: center;\">&nbsp;<div data-test='contact-form' id='contact-form-118' class='wp-block-jetpack-contact-form-container '>\n<form action='https:\/\/atelierdelaforetdehez.fr\/?page_id=118#contact-form-118' method='post' class='contact-form commentsblock' aria-label=\"Contact\" novalidate>\n\n<div style=\"\" class='grunion-field-text-wrap grunion-field-wrap'  >\n<label\n\t\t\t\tfor='g118-nom'\n\t\t\t\tclass='grunion-field-label text'>Nom<\/label>\n<input\n\t\t\t\t\ttype='text'\n\t\t\t\t\tname='g118-nom'\n\t\t\t\t\tid='g118-nom'\n\t\t\t\t\tvalue=''\n\t\t\t\t\tclass='text  grunion-field' \n\t\t\t\t\t \/>\n\t<\/div>\n\n<div style=\"\" class='grunion-field-text-wrap grunion-field-wrap'  >\n<label\n\t\t\t\tfor='g118-prnom'\n\t\t\t\tclass='grunion-field-label text'>Pr\u00e9nom<\/label>\n<input\n\t\t\t\t\ttype='text'\n\t\t\t\t\tname='g118-prnom'\n\t\t\t\t\tid='g118-prnom'\n\t\t\t\t\tvalue=''\n\t\t\t\t\tclass='text  grunion-field' \n\t\t\t\t\t \/>\n\t<\/div>\n\n<div style=\"\" class='grunion-field-text-wrap grunion-field-wrap'  >\n<label\n\t\t\t\tfor='g118-tlphone'\n\t\t\t\tclass='grunion-field-label text'>T\u00e9l\u00e9phone<\/label>\n<input\n\t\t\t\t\ttype='text'\n\t\t\t\t\tname='g118-tlphone'\n\t\t\t\t\tid='g118-tlphone'\n\t\t\t\t\tvalue=''\n\t\t\t\t\tclass='text  grunion-field' \n\t\t\t\t\t \/>\n\t<\/div>\n\n<div style=\"\" class='grunion-field-email-wrap grunion-field-wrap'  >\n<label\n\t\t\t\tfor='g118-email'\n\t\t\t\tclass='grunion-field-label email'>E-mail<span class=\"grunion-label-required\" aria-hidden=\"true\">(obligatoire)<\/span><\/label>\n<input\n\t\t\t\t\ttype='email'\n\t\t\t\t\tname='g118-email'\n\t\t\t\t\tid='g118-email'\n\t\t\t\t\tvalue=''\n\t\t\t\t\tclass='email  grunion-field' \n\t\t\t\t\trequired aria-required='true' \/>\n\t<\/div>\n\n<div style=\"\" class='grunion-field-text-wrap grunion-field-wrap'  >\n<label\n\t\t\t\tfor='g118-message'\n\t\t\t\tclass='grunion-field-label text'>Message<\/label>\n<input\n\t\t\t\t\ttype='text'\n\t\t\t\t\tname='g118-message'\n\t\t\t\t\tid='g118-message'\n\t\t\t\t\tvalue=''\n\t\t\t\t\tclass='text  grunion-field' \n\t\t\t\t\t \/>\n\t<\/div>\n\t<p class='contact-submit'>\n\t\t<button type='submit' class='pushbutton-wide'>Envoyer<\/button>\t\t<input type='hidden' name='contact-form-id' value='118' \/>\n\t\t<input type='hidden' name='action' value='grunion-contact-form' \/>\n\t\t<input type='hidden' name='contact-form-hash' value='3c7953582ab353d00c47039e90b9f8baaa2f477b' \/>\n\t<\/p>\n<p style=\"display: none !important;\" class=\"akismet-fields-container\" data-prefix=\"ak_\"><label>&#916;<textarea name=\"ak_hp_textarea\" cols=\"45\" rows=\"8\" maxlength=\"100\"><\/textarea><\/label><input type=\"hidden\" id=\"ak_js_1\" name=\"ak_js\" value=\"192\"\/><script>document.getElementById( \"ak_js_1\" ).setAttribute( \"value\", ( new Date() ).getTime() );<\/script><\/p><\/form>\n<\/div><\/p><p style=\"line-height: 0.5; text-align: left;\"><span style=\"font-size: 10pt;\">En cliquant sur \"Envoyer\", vous consentez \u00e0 l'en<\/span><span style=\"font-size: 10pt;\">registrement <\/span><span style=\"font-size: 10pt;\">et \u00e0 <\/span><span style=\"font-size: 10pt;\">l'uti-<\/span><\/p><p style=\"line-height: 0.5; text-align: left;\"><span style=\"font-size: 10pt;\">l<\/span><span style=\"font-size: 10pt;\">isation de vos donn\u00e9es personnelles <\/span><span style=\"font-size: 10pt;\">par l'Atelier de la For\u00eat de Hez.<\/span><\/p><\/div><\/div><\/div><\/div><\/div><\/div><\/div><\/div>\n","protected":false},"excerpt":{"rendered":"<p>Uniquement sur Rendez-vous\ud83d\udce7 Mail : afh60510@gmail.com\ud83d\udcde T\u00e9l\u00e9phones : 06 48 05 91 0209 51 02 96 00&nbsp;En cliquant sur &#8220;Envoyer&#8221;, vous consentez \u00e0 l&#8217;enregistrement et \u00e0 l&#8217;uti-lisation de vos donn\u00e9es personnelles par l&#8217;Atelier de la For\u00eat de Hez.<\/p>\n","protected":false},"author":2,"featured_media":0,"parent":0,"menu_order":0,"comment_status":"closed","ping_status":"closed","template":"template-fullwidth.php","meta":{"footnotes":""},"class_list":["post-118","page","type-page","status-publish","hentry"],"yoast_head":"<!-- This site is optimized with the Yoast SEO plugin v24.3 - https:\/\/yoast.com\/wordpress\/plugins\/seo\/ -->\n<title>Contact - Atelier de la for\u00eat de Hez<\/title>\n<meta name=\"robots\" content=\"index, follow, max-snippet:-1, max-image-preview:large, max-video-preview:-1\" \/>\n<link rel=\"canonical\" href=\"https:\/\/atelierdelaforetdehez.fr\/?page_id=118\" \/>\n<meta property=\"og:locale\" content=\"fr_FR\" \/>\n<meta property=\"og:type\" content=\"article\" \/>\n<meta property=\"og:title\" content=\"Contact - Atelier de la for\u00eat de Hez\" \/>\n<meta property=\"og:description\" content=\"Uniquement sur Rendez-vous\ud83d\udce7 Mail : afh60510@gmail.com\ud83d\udcde T\u00e9l\u00e9phones : 06 48 05 91 0209 51 02 96 00&nbsp;En cliquant sur &quot;Envoyer&quot;, vous consentez \u00e0 l&#039;enregistrement et \u00e0 l&#039;uti-lisation de vos donn\u00e9es personnelles par l&#039;Atelier de la For\u00eat de Hez.\" \/>\n<meta property=\"og:url\" content=\"https:\/\/atelierdelaforetdehez.fr\/?page_id=118\" \/>\n<meta property=\"og:site_name\" content=\"Atelier de la for\u00eat de Hez\" \/>\n<meta property=\"article:publisher\" content=\"https:\/\/www.facebook.com\/profile.php?id=100057486488270\" \/>\n<meta property=\"article:modified_time\" content=\"2022-06-05T14:41:11+00:00\" \/>\n<meta name=\"twitter:card\" content=\"summary_large_image\" \/>\n<script type=\"application\/ld+json\" class=\"yoast-schema-graph\">{\"@context\":\"https:\/\/schema.org\",\"@graph\":[{\"@type\":\"WebPage\",\"@id\":\"https:\/\/atelierdelaforetdehez.fr\/?page_id=118\",\"url\":\"https:\/\/atelierdelaforetdehez.fr\/?page_id=118\",\"name\":\"Contact - Atelier de la for\u00eat de Hez\",\"isPartOf\":{\"@id\":\"https:\/\/atelierdelaforetdehez.fr\/#website\"},\"datePublished\":\"2022-01-07T09:40:18+00:00\",\"dateModified\":\"2022-06-05T14:41:11+00:00\",\"breadcrumb\":{\"@id\":\"https:\/\/atelierdelaforetdehez.fr\/?page_id=118#breadcrumb\"},\"inLanguage\":\"fr-FR\",\"potentialAction\":[{\"@type\":\"ReadAction\",\"target\":[\"https:\/\/atelierdelaforetdehez.fr\/?page_id=118\"]}]},{\"@type\":\"BreadcrumbList\",\"@id\":\"https:\/\/atelierdelaforetdehez.fr\/?page_id=118#breadcrumb\",\"itemListElement\":[{\"@type\":\"ListItem\",\"position\":1,\"name\":\"Accueil\",\"item\":\"https:\/\/atelierdelaforetdehez.fr\/\"},{\"@type\":\"ListItem\",\"position\":2,\"name\":\"Contact\"}]},{\"@type\":\"WebSite\",\"@id\":\"https:\/\/atelierdelaforetdehez.fr\/#website\",\"url\":\"https:\/\/atelierdelaforetdehez.fr\/\",\"name\":\"Atelier de la for\u00eat de Hez\",\"description\":\"Armurerie dans l&#039;Oise\",\"publisher\":{\"@id\":\"https:\/\/atelierdelaforetdehez.fr\/#organization\"},\"potentialAction\":[{\"@type\":\"SearchAction\",\"target\":{\"@type\":\"EntryPoint\",\"urlTemplate\":\"https:\/\/atelierdelaforetdehez.fr\/?s={search_term_string}\"},\"query-input\":{\"@type\":\"PropertyValueSpecification\",\"valueRequired\":true,\"valueName\":\"search_term_string\"}}],\"inLanguage\":\"fr-FR\"},{\"@type\":\"Organization\",\"@id\":\"https:\/\/atelierdelaforetdehez.fr\/#organization\",\"name\":\"Atelier de la For\u00eat de Hez\",\"url\":\"https:\/\/atelierdelaforetdehez.fr\/\",\"logo\":{\"@type\":\"ImageObject\",\"inLanguage\":\"fr-FR\",\"@id\":\"https:\/\/atelierdelaforetdehez.fr\/#\/schema\/logo\/image\/\",\"url\":\"https:\/\/atelierdelaforetdehez.fr\/wp-content\/uploads\/2022\/06\/Capture-e1654441375318.png\",\"contentUrl\":\"https:\/\/atelierdelaforetdehez.fr\/wp-content\/uploads\/2022\/06\/Capture-e1654441375318.png\",\"width\":586,\"height\":588,\"caption\":\"Atelier de la For\u00eat de Hez\"},\"image\":{\"@id\":\"https:\/\/atelierdelaforetdehez.fr\/#\/schema\/logo\/image\/\"},\"sameAs\":[\"https:\/\/www.facebook.com\/profile.php?id=100057486488270\"]}]}<\/script>\n<!-- \/ Yoast SEO plugin. -->","yoast_head_json":{"title":"Contact - Atelier de la for\u00eat de Hez","robots":{"index":"index","follow":"follow","max-snippet":"max-snippet:-1","max-image-preview":"max-image-preview:large","max-video-preview":"max-video-preview:-1"},"canonical":"https:\/\/atelierdelaforetdehez.fr\/?page_id=118","og_locale":"fr_FR","og_type":"article","og_title":"Contact - Atelier de la for\u00eat de Hez","og_description":"Uniquement sur Rendez-vous\ud83d\udce7 Mail : afh60510@gmail.com\ud83d\udcde T\u00e9l\u00e9phones : 06 48 05 91 0209 51 02 96 00&nbsp;En cliquant sur \"Envoyer\", vous consentez \u00e0 l'enregistrement et \u00e0 l'uti-lisation de vos donn\u00e9es personnelles par l'Atelier de la For\u00eat de Hez.","og_url":"https:\/\/atelierdelaforetdehez.fr\/?page_id=118","og_site_name":"Atelier de la for\u00eat de Hez","article_publisher":"https:\/\/www.facebook.com\/profile.php?id=100057486488270","article_modified_time":"2022-06-05T14:41:11+00:00","twitter_card":"summary_large_image","schema":{"@context":"https:\/\/schema.org","@graph":[{"@type":"WebPage","@id":"https:\/\/atelierdelaforetdehez.fr\/?page_id=118","url":"https:\/\/atelierdelaforetdehez.fr\/?page_id=118","name":"Contact - Atelier de la for\u00eat de Hez","isPartOf":{"@id":"https:\/\/atelierdelaforetdehez.fr\/#website"},"datePublished":"2022-01-07T09:40:18+00:00","dateModified":"2022-06-05T14:41:11+00:00","breadcrumb":{"@id":"https:\/\/atelierdelaforetdehez.fr\/?page_id=118#breadcrumb"},"inLanguage":"fr-FR","potentialAction":[{"@type":"ReadAction","target":["https:\/\/atelierdelaforetdehez.fr\/?page_id=118"]}]},{"@type":"BreadcrumbList","@id":"https:\/\/atelierdelaforetdehez.fr\/?page_id=118#breadcrumb","itemListElement":[{"@type":"ListItem","position":1,"name":"Accueil","item":"https:\/\/atelierdelaforetdehez.fr\/"},{"@type":"ListItem","position":2,"name":"Contact"}]},{"@type":"WebSite","@id":"https:\/\/atelierdelaforetdehez.fr\/#website","url":"https:\/\/atelierdelaforetdehez.fr\/","name":"Atelier de la for\u00eat de Hez","description":"Armurerie dans l&#039;Oise","publisher":{"@id":"https:\/\/atelierdelaforetdehez.fr\/#organization"},"potentialAction":[{"@type":"SearchAction","target":{"@type":"EntryPoint","urlTemplate":"https:\/\/atelierdelaforetdehez.fr\/?s={search_term_string}"},"query-input":{"@type":"PropertyValueSpecification","valueRequired":true,"valueName":"search_term_string"}}],"inLanguage":"fr-FR"},{"@type":"Organization","@id":"https:\/\/atelierdelaforetdehez.fr\/#organization","name":"Atelier de la For\u00eat de Hez","url":"https:\/\/atelierdelaforetdehez.fr\/","logo":{"@type":"ImageObject","inLanguage":"fr-FR","@id":"https:\/\/atelierdelaforetdehez.fr\/#\/schema\/logo\/image\/","url":"https:\/\/atelierdelaforetdehez.fr\/wp-content\/uploads\/2022\/06\/Capture-e1654441375318.png","contentUrl":"https:\/\/atelierdelaforetdehez.fr\/wp-content\/uploads\/2022\/06\/Capture-e1654441375318.png","width":586,"height":588,"caption":"Atelier de la For\u00eat de Hez"},"image":{"@id":"https:\/\/atelierdelaforetdehez.fr\/#\/schema\/logo\/image\/"},"sameAs":["https:\/\/www.facebook.com\/profile.php?id=100057486488270"]}]}},"jetpack_sharing_enabled":true,"_links":{"self":[{"href":"https:\/\/atelierdelaforetdehez.fr\/index.php?rest_route=\/wp\/v2\/pages\/118","targetHints":{"allow":["GET"]}}],"collection":[{"href":"https:\/\/atelierdelaforetdehez.fr\/index.php?rest_route=\/wp\/v2\/pages"}],"about":[{"href":"https:\/\/atelierdelaforetdehez.fr\/index.php?rest_route=\/wp\/v2\/types\/page"}],"author":[{"embeddable":true,"href":"https:\/\/atelierdelaforetdehez.fr\/index.php?rest_route=\/wp\/v2\/users\/2"}],"replies":[{"embeddable":true,"href":"https:\/\/atelierdelaforetdehez.fr\/index.php?rest_route=%2Fwp%2Fv2%2Fcomments&post=118"}],"version-history":[{"count":10,"href":"https:\/\/atelierdelaforetdehez.fr\/index.php?rest_route=\/wp\/v2\/pages\/118\/revisions"}],"predecessor-version":[{"id":362,"href":"https:\/\/atelierdelaforetdehez.fr\/index.php?rest_route=\/wp\/v2\/pages\/118\/revisions\/362"}],"wp:attachment":[{"href":"https:\/\/atelierdelaforetdehez.fr\/index.php?rest_route=%2Fwp%2Fv2%2Fmedia&parent=118"}],"curies":[{"name":"wp","href":"https:\/\/api.w.org\/{rel}","templated":true}]}}